{"id":383,"date":"2022-01-05T22:23:50","date_gmt":"2022-01-05T22:23:50","guid":{"rendered":"https:\/\/demo.artureanec.com\/themes\/marketum\/?page_id=383"},"modified":"2023-07-21T09:57:38","modified_gmt":"2023-07-21T09:57:38","slug":"chi-sono","status":"publish","type":"page","link":"https:\/\/dondalations.com\/it\/chi-sono\/","title":{"rendered":"Chi sono"},"content":{"rendered":"\t\t<div data-elementor-type=\"wp-page\" data-elementor-id=\"383\" class=\"elementor elementor-383\">\n\t\t\t\t\t\t<section class=\"elementor-section elementor-top-section elementor-element elementor-element-86a48c1 elementor-section-boxed elementor-section-height-default elementor-section-height-default marketum_parallax_no\" data-id=\"86a48c1\" data-element_type=\"section\" data-e-type=\"section\">\n\t\t\t\t\t\t<div class=\"elementor-container elementor-column-gap-default\">\n\t\t\t\t\t<div class=\"elementor-column elementor-col-100 elementor-top-column elementor-element elementor-element-a45dc3a\" data-id=\"a45dc3a\" data-element_type=\"column\" data-e-type=\"column\">\n\t\t\t<div class=\"elementor-widget-wrap elementor-element-populated\">\n\t\t\t\t\t\t<div class=\"elementor-element elementor-element-ad3b8a1 elementor-invisible elementor-widget elementor-widget-heading\" data-id=\"ad3b8a1\" data-element_type=\"widget\" data-e-type=\"widget\" data-settings=\"{&quot;_animation&quot;:&quot;fadeInUp&quot;,&quot;_animation_delay&quot;:400}\" data-widget_type=\"heading.default\">\n\t\t\t\t<div class=\"elementor-widget-container\">\n\t\t\t\t\t<h1 class=\"elementor-heading-title elementor-size-default\">Chi sono<\/h1>\t\t\t\t<\/div>\n\t\t\t\t<\/div>\n\t\t\t\t\t<\/div>\n\t\t<\/div>\n\t\t\t\t\t<\/div>\n\t\t<\/section>\n\t\t\t\t<section class=\"elementor-section elementor-top-section elementor-element elementor-element-7b622c5 elementor-section-boxed elementor-section-height-default elementor-section-height-default marketum_parallax_no\" data-id=\"7b622c5\" data-element_type=\"section\" data-e-type=\"section\">\n\t\t\t\t\t\t<div class=\"elementor-container elementor-column-gap-default\">\n\t\t\t\t\t<div class=\"elementor-column elementor-col-50 elementor-top-column elementor-element elementor-element-3b04d4e\" data-id=\"3b04d4e\" data-element_type=\"column\" data-e-type=\"column\">\n\t\t\t<div class=\"elementor-widget-wrap elementor-element-populated\">\n\t\t\t\t\t\t<div class=\"elementor-element elementor-element-f27341d elementor-widget elementor-widget-image\" data-id=\"f27341d\" data-element_type=\"widget\" data-e-type=\"widget\" data-widget_type=\"image.default\">\n\t\t\t\t<div class=\"elementor-widget-container\">\n\t\t\t\t\t\t\t\t\t\t\t\t\t\t\t<img fetchpriority=\"high\" decoding=\"async\" width=\"1400\" height=\"1594\" src=\"https:\/\/dondalations.com\/wp-content\/uploads\/2023\/05\/00michela-doribarranco-baja-1.webp\" class=\"attachment-full size-full wp-image-6211\" alt=\"\" srcset=\"https:\/\/dondalations.com\/wp-content\/uploads\/2023\/05\/00michela-doribarranco-baja-1.webp 1400w, https:\/\/dondalations.com\/wp-content\/uploads\/2023\/05\/00michela-doribarranco-baja-1-263x300.webp 263w, https:\/\/dondalations.com\/wp-content\/uploads\/2023\/05\/00michela-doribarranco-baja-1-899x1024.webp 899w, https:\/\/dondalations.com\/wp-content\/uploads\/2023\/05\/00michela-doribarranco-baja-1-768x874.webp 768w, https:\/\/dondalations.com\/wp-content\/uploads\/2023\/05\/00michela-doribarranco-baja-1-1349x1536.webp 1349w\" sizes=\"(max-width: 1400px) 100vw, 1400px\" \/>\t\t\t\t\t\t\t\t\t\t\t\t\t\t\t<\/div>\n\t\t\t\t<\/div>\n\t\t\t\t\t<\/div>\n\t\t<\/div>\n\t\t\t\t<div class=\"elementor-column elementor-col-50 elementor-top-column elementor-element elementor-element-6094038\" data-id=\"6094038\" data-element_type=\"column\" data-e-type=\"column\" data-settings=\"{&quot;background_background&quot;:&quot;classic&quot;}\">\n\t\t\t<div class=\"elementor-widget-wrap elementor-element-populated\">\n\t\t\t\t\t\t<div class=\"elementor-element elementor-element-9e1739e elementor-widget elementor-widget-marketum_heading\" data-id=\"9e1739e\" data-element_type=\"widget\" data-e-type=\"widget\" data-widget_type=\"marketum_heading.default\">\n\t\t\t\t<div class=\"elementor-widget-container\">\n\t\t\t\t\t\n        <div class=\"marketum_heading_widget\">\n                                <h2 class=\"marketum_heading\">\n                        Sono <span class=\"font-hw font-color\">Michela Donda<\/span>                    <\/h2>\n                            <\/div>\n        \t\t\t\t<\/div>\n\t\t\t\t<\/div>\n\t\t\t\t<div class=\"elementor-element elementor-element-49004b5 elementor-widget elementor-widget-text-editor\" data-id=\"49004b5\" data-element_type=\"widget\" data-e-type=\"widget\" data-widget_type=\"text-editor.default\">\n\t\t\t\t<div class=\"elementor-widget-container\">\n\t\t\t\t\t\t\t\t\t<p lang=\"it-IT\">Friulana trapiantata a Barcellona. Mi piace aiutare chi come me ha un\u2019attivit\u00e0 a comunicare con successo con il suo pubblico italiano. Se tu potessi sbirciare nel mio studio, mi troveresti tra blocchi di appunti e glossari, immersa in una traduzione o revisione. Oppure tra le piante del mio balcone, cercando ispirazione per un copy. In ogni caso, concentrata su un unico obiettivo: offrirti dei testi che centrano il bersaglio con un messaggio chiaro, che rispecchiano la tua essenza, fedeli al tuo brand.<\/p>\t\t\t\t\t\t\t\t<\/div>\n\t\t\t\t<\/div>\n\t\t\t\t\t<\/div>\n\t\t<\/div>\n\t\t\t\t\t<\/div>\n\t\t<\/section>\n\t\t\t\t<section class=\"elementor-section elementor-top-section elementor-element elementor-element-123d9e8 elementor-reverse-mobile elementor-section-boxed elementor-section-height-default elementor-section-height-default marketum_parallax_no\" data-id=\"123d9e8\" data-element_type=\"section\" data-e-type=\"section\">\n\t\t\t\t\t\t<div class=\"elementor-container elementor-column-gap-default\">\n\t\t\t\t\t<div class=\"elementor-column elementor-col-50 elementor-top-column elementor-element elementor-element-e07d5b1\" data-id=\"e07d5b1\" data-element_type=\"column\" data-e-type=\"column\" data-settings=\"{&quot;background_background&quot;:&quot;classic&quot;}\">\n\t\t\t<div class=\"elementor-widget-wrap elementor-element-populated\">\n\t\t\t\t\t\t<div class=\"elementor-element elementor-element-0ac3856 elementor-widget elementor-widget-text-editor\" data-id=\"0ac3856\" data-element_type=\"widget\" data-e-type=\"widget\" data-widget_type=\"text-editor.default\">\n\t\t\t\t<div class=\"elementor-widget-container\">\n\t\t\t\t\t\t\t\t\t<p>Mi piace lavorare per professionisti freelance come me, imprenditrici e imprenditori, aziende piccole e grandi. Amo conoscere chi c&#8217;\u00e8 dietro un brand, scoprire la passione che ha dato luce a un\u2019attivit\u00e0. Collaborare gomito a gomito con chi sa dare valore al grande lavoro che implica una traduzione o la creazione di un testo.<\/p><p>Sono convinta che l\u2019ascolto attento e una comunicazione diretta e cristallina sia alla base del successo della nostra collaborazione. Mi piace dedicarmi al tuo progetto come se fosse il mio e contribuire a far crescere la tua marca attraverso testi trasparenti e coinvolgenti.<\/p>\t\t\t\t\t\t\t\t<\/div>\n\t\t\t\t<\/div>\n\t\t\t\t<div class=\"elementor-element elementor-element-7f520eb elementor-widget elementor-widget-marketum_button\" data-id=\"7f520eb\" data-element_type=\"widget\" data-e-type=\"widget\" data-widget_type=\"marketum_button.default\">\n\t\t\t\t<div class=\"elementor-widget-container\">\n\t\t\t\t\t\n        <div class=\"marketum_button_widget\">\n            <div class=\"marketum_button_container\">\n                <a class=\"marketum_button marketum_button--primary \" href=\"https:\/\/dondalations.com\/it\/contatti\/\" target=\"_blank\">\n                    <span>Lavoriamo insieme<\/span>\n                <\/a>\n            <\/div>\n        <\/div>\n        \t\t\t\t<\/div>\n\t\t\t\t<\/div>\n\t\t\t\t\t<\/div>\n\t\t<\/div>\n\t\t\t\t<div class=\"elementor-column elementor-col-50 elementor-top-column elementor-element elementor-element-9a84bd8\" data-id=\"9a84bd8\" data-element_type=\"column\" data-e-type=\"column\" data-settings=\"{&quot;background_background&quot;:&quot;classic&quot;}\">\n\t\t\t<div class=\"elementor-widget-wrap elementor-element-populated\">\n\t\t\t\t\t\t<div class=\"elementor-element elementor-element-3d93337 elementor-widget elementor-widget-spacer\" data-id=\"3d93337\" data-element_type=\"widget\" data-e-type=\"widget\" data-widget_type=\"spacer.default\">\n\t\t\t\t<div class=\"elementor-widget-container\">\n\t\t\t\t\t\t\t<div class=\"elementor-spacer\">\n\t\t\t<div class=\"elementor-spacer-inner\"><\/div>\n\t\t<\/div>\n\t\t\t\t\t\t<\/div>\n\t\t\t\t<\/div>\n\t\t\t\t\t<\/div>\n\t\t<\/div>\n\t\t\t\t\t<\/div>\n\t\t<\/section>\n\t\t\t\t<section class=\"elementor-section elementor-top-section elementor-element elementor-element-7d60b106 elementor-section-boxed elementor-section-height-default elementor-section-height-default marketum_parallax_no\" data-id=\"7d60b106\" data-element_type=\"section\" data-e-type=\"section\">\n\t\t\t\t\t\t<div class=\"elementor-container elementor-column-gap-wide\">\n\t\t\t\t\t<div class=\"elementor-column elementor-col-50 elementor-top-column elementor-element elementor-element-629c1e59\" data-id=\"629c1e59\" data-element_type=\"column\" data-e-type=\"column\" data-settings=\"{&quot;animation&quot;:&quot;none&quot;,&quot;animation_tablet&quot;:&quot;none&quot;}\">\n\t\t\t<div class=\"elementor-widget-wrap elementor-element-populated\">\n\t\t\t\t\t\t<div class=\"elementor-element elementor-element-19324613 elementor-widget elementor-widget-marketum_heading\" data-id=\"19324613\" data-element_type=\"widget\" data-e-type=\"widget\" data-widget_type=\"marketum_heading.default\">\n\t\t\t\t<div class=\"elementor-widget-container\">\n\t\t\t\t\t\n        <div class=\"marketum_heading_widget\">\n                                <h2 class=\"marketum_heading\">\n                        La mia <span class=\"font-hw font-color\">mission<\/span>                    <\/h2>\n                            <\/div>\n        \t\t\t\t<\/div>\n\t\t\t\t<\/div>\n\t\t\t\t\t<\/div>\n\t\t<\/div>\n\t\t\t\t<div class=\"elementor-column elementor-col-50 elementor-top-column elementor-element elementor-element-2971084a\" data-id=\"2971084a\" data-element_type=\"column\" data-e-type=\"column\" data-settings=\"{&quot;animation&quot;:&quot;none&quot;,&quot;animation_tablet&quot;:&quot;none&quot;}\">\n\t\t\t<div class=\"elementor-widget-wrap elementor-element-populated\">\n\t\t\t\t\t\t<div class=\"elementor-element elementor-element-9deb020 elementor-widget elementor-widget-text-editor\" data-id=\"9deb020\" data-element_type=\"widget\" data-e-type=\"widget\" data-widget_type=\"text-editor.default\">\n\t\t\t\t<div class=\"elementor-widget-container\">\n\t\t\t\t\t\t\t\t\t<p>La mia mission \u00e8 offrirti <strong>contenuti che accrescono la tua visibilit\u00e0, la reputazione del tuo brand, il tuo business<\/strong>, attraverso servizi professionali di <a href=\"https:\/\/dondalations.com\/it\/traduzione-in-italiano\/\">traduzione<\/a> e <a href=\"https:\/\/dondalations.com\/it\/revisione-in-italiano\/\">revisione<\/a> tedesco-italiano, inglese-italiano e spagnolo-italiano e <a href=\"https:\/\/dondalations.com\/it\/copywriting-e-content-writing\/\">copywriting<\/a> in italiano.<\/p><p>Per farlo, da 15 anni metto cura e precisione in ogni progetto. Mi mantengo informata sugli argomenti delle mie <a href=\"https:\/\/dondalations.com\/it\/specializzazioni\/\">specializzazioni<\/a>, studio marketing e UX Writing. Continuo a formarmi in copywriting per dare voce alla tua marca in modo efficiente con testi nuovi di zecca. Mi alleno traducendo testi tecnici e contenuti pi\u00f9 creativi, affino le mie abilit\u00e0 di ricerca dei termini specialistici. Utilizzo le versioni pi\u00f9 recenti dei principali software di assistenza alla traduzione e strumenti per il controllo della qualit\u00e0, come SDL Trados Studio, STAR Transit NXT, Across e Xbench, per mantenere la coerenza terminologica dei testi e garantire un risultato professionale.<\/p><p>Tutto questo si traduce per te in <strong>testi efficaci che ti permettono di raggiungere il tuo obiettivo<\/strong>, che si tratti di informare e creare relazioni di fiducia con i tuoi clienti o di entrare in empatia con il tuo target e promuovere la tua impresa: <strong>un investimento per il futuro della tua attivit\u00e0<\/strong>.<\/p>\t\t\t\t\t\t\t\t<\/div>\n\t\t\t\t<\/div>\n\t\t\t\t\t<\/div>\n\t\t<\/div>\n\t\t\t\t\t<\/div>\n\t\t<\/section>\n\t\t\t\t<section class=\"elementor-section elementor-top-section elementor-element elementor-element-15ae189 elementor-section-boxed elementor-section-height-default elementor-section-height-default marketum_parallax_no\" data-id=\"15ae189\" data-element_type=\"section\" data-e-type=\"section\">\n\t\t\t\t\t\t<div class=\"elementor-container elementor-column-gap-wide\">\n\t\t\t\t\t<div class=\"elementor-column elementor-col-50 elementor-top-column elementor-element elementor-element-20d6486\" data-id=\"20d6486\" data-element_type=\"column\" data-e-type=\"column\" data-settings=\"{&quot;animation&quot;:&quot;none&quot;,&quot;animation_tablet&quot;:&quot;none&quot;}\">\n\t\t\t<div class=\"elementor-widget-wrap elementor-element-populated\">\n\t\t\t\t\t\t<div class=\"elementor-element elementor-element-f625b52 elementor-widget elementor-widget-marketum_heading\" data-id=\"f625b52\" data-element_type=\"widget\" data-e-type=\"widget\" data-widget_type=\"marketum_heading.default\">\n\t\t\t\t<div class=\"elementor-widget-container\">\n\t\t\t\t\t\n        <div class=\"marketum_heading_widget\">\n                                <h2 class=\"marketum_heading\">\n                        La mia \n<span class=\"font-hw font-color\">storia<\/span>                    <\/h2>\n                            <\/div>\n        \t\t\t\t<\/div>\n\t\t\t\t<\/div>\n\t\t\t\t\t<\/div>\n\t\t<\/div>\n\t\t\t\t<div class=\"elementor-column elementor-col-50 elementor-top-column elementor-element elementor-element-10d153f\" data-id=\"10d153f\" data-element_type=\"column\" data-e-type=\"column\" data-settings=\"{&quot;animation&quot;:&quot;none&quot;,&quot;animation_tablet&quot;:&quot;none&quot;}\">\n\t\t\t<div class=\"elementor-widget-wrap elementor-element-populated\">\n\t\t\t\t\t\t<div class=\"elementor-element elementor-element-83d557f elementor-widget elementor-widget-text-editor\" data-id=\"83d557f\" data-element_type=\"widget\" data-e-type=\"widget\" data-widget_type=\"text-editor.default\">\n\t\t\t\t<div class=\"elementor-widget-container\">\n\t\t\t\t\t\t\t\t\t<p>Vengo da una terra di confine, dove l\u2019italiano, il friulano, lo sloveno e il tedesco si incontrano in maniera naturale: inutile dirti che ho sempre avuto il pallino per le lingue. Per capirci, come hobby posso scegliermi un corso di danese o turco, solo per il piacere di scoprire un nuovo mondo linguistico. Questa curiosit\u00e0 mi ha portato a studiare <strong>traduzione letteraria e tecnico-scientifica<\/strong> all&#8217;Universit\u00e0 di Trieste e poi a vivere per periodi pi\u00f9 o meno lunghi in diverse citt\u00e0 del globo: Vienna, Berlino, Leeds, Lisbona, Recife, Amburgo. Proprio in questa bella citt\u00e0 anseatica ho lavorato in un&#8217;agenzia di traduzioni dove ho messo le fondamenta per la mia attivit\u00e0 di traduttrice freelance, avviata anni dopo a Barcellona. Qui mi puoi trovare ancora oggi per parlarmi dei tuoi progetti davanti a una tazza di caff\u00e8. Sar\u00e0 un piacere esserti d\u2019aiuto come traduttrice, revisore e copywriter.<\/p>\t\t\t\t\t\t\t\t<\/div>\n\t\t\t\t<\/div>\n\t\t\t\t\t<\/div>\n\t\t<\/div>\n\t\t\t\t\t<\/div>\n\t\t<\/section>\n\t\t\t\t<section class=\"elementor-section elementor-top-section elementor-element elementor-element-f4c3cbc elementor-section-boxed elementor-section-height-default elementor-section-height-default marketum_parallax_no\" data-id=\"f4c3cbc\" data-element_type=\"section\" data-e-type=\"section\">\n\t\t\t\t\t\t<div class=\"elementor-container elementor-column-gap-wide\">\n\t\t\t\t\t<div class=\"elementor-column elementor-col-50 elementor-top-column elementor-element elementor-element-19e3a18\" data-id=\"19e3a18\" data-element_type=\"column\" data-e-type=\"column\" data-settings=\"{&quot;animation&quot;:&quot;none&quot;,&quot;animation_tablet&quot;:&quot;none&quot;}\">\n\t\t\t<div class=\"elementor-widget-wrap elementor-element-populated\">\n\t\t\t\t\t\t<div class=\"elementor-element elementor-element-05af6c7 elementor-widget elementor-widget-marketum_heading\" data-id=\"05af6c7\" data-element_type=\"widget\" data-e-type=\"widget\" data-widget_type=\"marketum_heading.default\">\n\t\t\t\t<div class=\"elementor-widget-container\">\n\t\t\t\t\t\n        <div class=\"marketum_heading_widget\">\n                                <h2 class=\"marketum_heading\">\n                        Chi sono dietro le <span class=\"font-hw font-color\">quinte<\/span>                    <\/h2>\n                            <\/div>\n        \t\t\t\t<\/div>\n\t\t\t\t<\/div>\n\t\t\t\t\t<\/div>\n\t\t<\/div>\n\t\t\t\t<div class=\"elementor-column elementor-col-50 elementor-top-column elementor-element elementor-element-2b3808e\" data-id=\"2b3808e\" data-element_type=\"column\" data-e-type=\"column\" data-settings=\"{&quot;animation&quot;:&quot;none&quot;,&quot;animation_tablet&quot;:&quot;none&quot;}\">\n\t\t\t<div class=\"elementor-widget-wrap elementor-element-populated\">\n\t\t\t\t\t\t<div class=\"elementor-element elementor-element-62490fc elementor-widget elementor-widget-text-editor\" data-id=\"62490fc\" data-element_type=\"widget\" data-e-type=\"widget\" data-widget_type=\"text-editor.default\">\n\t\t\t\t<div class=\"elementor-widget-container\">\n\t\t\t\t\t\t\t\t\t<p>Quando non traduco mi dedico alle arti marziali o alla danza in tutte le sue variazioni. Ascolto pezzi rock e sonate. Assecondo il mio spirito di viaggiatrice scappando dalla citt\u00e0 in furgone con la mia famiglia, alla ricerca di panorami suggestivi e di un angolino tutto per noi in mezzo alla natura.<\/p><p>Accompagno le famiglie come <a href=\"https:\/\/deacrescente.com\/\" target=\"_blank\" rel=\"noopener\">doula e consulente di allattamento<\/a>: un percorso che mi emoziona e mi riempie il cuore. <span lang=\"it-IT\">M<\/span><span lang=\"it-IT\">i piace imparare cose nuove. Non solo per lavoro, ma anche <\/span><span lang=\"it-IT\">per<\/span><span lang=\"it-IT\"> mettermi alla prova e dirmi: \u201cma chi me l&#8217;ha fatto fare?\u201d. Eppure da ogni esperienza vissuta traggo insegnamenti preziosi <\/span><span lang=\"it-IT\">per<\/span> <span lang=\"it-IT\">il<\/span><span lang=\"it-IT\"> mi<\/span><span lang=\"it-IT\">o<\/span><span lang=\"it-IT\"> prossim<\/span><span lang=\"it-IT\">o progetto<\/span><span lang=\"it-IT\">.<\/span><\/p>\t\t\t\t\t\t\t\t<\/div>\n\t\t\t\t<\/div>\n\t\t\t\t\t<\/div>\n\t\t<\/div>\n\t\t\t\t\t<\/div>\n\t\t<\/section>\n\t\t\t\t<section class=\"elementor-section elementor-top-section elementor-element elementor-element-8af648c elementor-section-boxed elementor-section-height-default elementor-section-height-default marketum_parallax_no\" data-id=\"8af648c\" data-element_type=\"section\" data-e-type=\"section\">\n\t\t\t\t\t\t<div class=\"elementor-container elementor-column-gap-default\">\n\t\t\t\t\t<div class=\"elementor-column elementor-col-100 elementor-top-column elementor-element elementor-element-4ff6cac\" data-id=\"4ff6cac\" data-element_type=\"column\" data-e-type=\"column\">\n\t\t\t<div class=\"elementor-widget-wrap elementor-element-populated\">\n\t\t\t\t\t\t<div class=\"elementor-element elementor-element-5c20c52 elementor-widget elementor-widget-marketum_button\" data-id=\"5c20c52\" data-element_type=\"widget\" data-e-type=\"widget\" data-widget_type=\"marketum_button.default\">\n\t\t\t\t<div class=\"elementor-widget-container\">\n\t\t\t\t\t\n        <div class=\"marketum_button_widget\">\n            <div class=\"marketum_button_container\">\n                <a class=\"marketum_button marketum_button--primary \" href=\"https:\/\/dondalations.com\/it\/contatti\/\" target=\"_blank\">\n                    <span>Collaboriamo!<\/span>\n                <\/a>\n            <\/div>\n        <\/div>\n        \t\t\t\t<\/div>\n\t\t\t\t<\/div>\n\t\t\t\t\t<\/div>\n\t\t<\/div>\n\t\t\t\t\t<\/div>\n\t\t<\/section>\n\t\t\t\t<\/div>\n\t\t","protected":false},"excerpt":{"rendered":"<p>Chi sono Friulana trapiantata a Barcellona. Mi piace aiutare chi come me ha un\u2019attivit\u00e0 a comunicare con successo con il suo pubblico italiano. Se tu potessi sbirciare nel mio studio, mi troveresti tra blocchi di appunti e glossari, immersa in una traduzione o revisione. Oppure tra le piante del mio balcone, cercando ispirazione per un [&hellip;]<\/p>\n","protected":false},"author":1,"featured_media":0,"parent":0,"menu_order":0,"comment_status":"closed","ping_status":"closed","template":"","meta":{"_joinchat":[],"footnotes":""},"class_list":["post-383","page","type-page","status-publish","hentry"],"_links":{"self":[{"href":"https:\/\/dondalations.com\/it\/wp-json\/wp\/v2\/pages\/383","targetHints":{"allow":["GET"]}}],"collection":[{"href":"https:\/\/dondalations.com\/it\/wp-json\/wp\/v2\/pages"}],"about":[{"href":"https:\/\/dondalations.com\/it\/wp-json\/wp\/v2\/types\/page"}],"author":[{"embeddable":true,"href":"https:\/\/dondalations.com\/it\/wp-json\/wp\/v2\/users\/1"}],"replies":[{"embeddable":true,"href":"https:\/\/dondalations.com\/it\/wp-json\/wp\/v2\/comments?post=383"}],"version-history":[{"count":73,"href":"https:\/\/dondalations.com\/it\/wp-json\/wp\/v2\/pages\/383\/revisions"}],"predecessor-version":[{"id":7981,"href":"https:\/\/dondalations.com\/it\/wp-json\/wp\/v2\/pages\/383\/revisions\/7981"}],"wp:attachment":[{"href":"https:\/\/dondalations.com\/it\/wp-json\/wp\/v2\/media?parent=383"}],"curies":[{"name":"wp","href":"https:\/\/api.w.org\/{rel}","templated":true}]}}