{"id":7575,"date":"2023-07-05T08:35:51","date_gmt":"2023-07-05T08:35:51","guid":{"rendered":"https:\/\/dondalations.com\/?page_id=7575"},"modified":"2023-07-21T09:31:45","modified_gmt":"2023-07-21T09:31:45","slug":"aviso-legal-es","status":"publish","type":"page","link":"https:\/\/dondalations.com\/es\/aviso-legal-es\/","title":{"rendered":"Aviso Legal"},"content":{"rendered":"\t\t<div data-elementor-type=\"wp-page\" data-elementor-id=\"7575\" class=\"elementor elementor-7575 elementor-7388\">\n\t\t\t\t\t\t<section class=\"elementor-section elementor-top-section elementor-element elementor-element-cd0828f elementor-section-boxed elementor-section-height-default elementor-section-height-default marketum_parallax_no\" data-id=\"cd0828f\" data-element_type=\"section\" data-e-type=\"section\">\n\t\t\t\t\t\t<div class=\"elementor-container elementor-column-gap-default\">\n\t\t\t\t\t<div class=\"elementor-column elementor-col-100 elementor-top-column elementor-element elementor-element-87e6c8e pp\" data-id=\"87e6c8e\" data-element_type=\"column\" data-e-type=\"column\">\n\t\t\t<div class=\"elementor-widget-wrap elementor-element-populated\">\n\t\t\t\t\t\t<div class=\"elementor-element elementor-element-2c439d8 elementor-widget elementor-widget-text-editor\" data-id=\"2c439d8\" data-element_type=\"widget\" data-e-type=\"widget\" data-widget_type=\"text-editor.default\">\n\t\t\t\t<div class=\"elementor-widget-container\">\n\t\t\t\t\t\t\t\t\t<h2>1. Responsable de dondalations.com<\/h2><p>Michela Donda, responsable del sitio web dondalations.com, pone a disposici\u00f3n de los usuarios el presente documento, con el que pretende dar cumplimiento a las obligaciones dispuestas en la Ley 34\/2002, de 11 de julio, de Servicios de la Sociedad de la Informaci\u00f3n y del Comercio Electr\u00f3nico (LSSICE), as\u00ed como informar a todos los usuarios del sitio web respecto a cu\u00e1les son las condiciones de uso.<\/p><h3>Datos identificativos<\/h3><p>Denominaci\u00f3n social: Michela Donda<br \/>NIE: ESY2807779E<br \/>Domicilio: Carrer de Sant Vicen\u00e7 3 Principal 1, 08001 Barcelona, Espa\u00f1a<br \/>E-mail: <a href=\"mailto:info@dondalations.com\">info@dondalations.com<\/a><br \/>Actividad: servicios de traducci\u00f3n, revisi\u00f3n y copywriting<\/p><h2>2. Objeto<\/h2><p>A trav\u00e9s de dondalations.com, les ofrecemos a los Usuarios la posibilidad de acceder a la informaci\u00f3n sobre nuestros servicios.<\/p><h2>3. Privacidad y tratamiento de datos<\/h2><p>Cuando para el acceso a determinados contenidos o servicio sea necesario facilitar datos de car\u00e1cter personal, los Usuarios garantizar\u00e1n su veracidad, exactitud, autenticidad y vigencia. La empresa dar\u00e1 a dichos datos el tratamiento automatizado que corresponda en funci\u00f3n de su naturaleza o finalidad, en los t\u00e9rminos indicados en la secci\u00f3n de <a href=\"https:\/\/dondalations.com\/es\/politica-de-privacidad\/\">Pol\u00edtica de Privacidad<\/a>.<\/p><h2>4. Propriedad industrial e intelectual<\/h2><p>El Usuario reconoce y acepta que todos los contenidos que se muestran en dondalations.com y en especial, dise\u00f1os, textos, im\u00e1genes, logos, iconos, botones, software, nombres comerciales, marcas, o cualesquiera otros signos susceptibles de utilizaci\u00f3n industrial y\/o comercial est\u00e1n sujetos a derechos de Propiedad Intelectual. Por esta raz\u00f3n el Usuario se compromete a no reproducir, copiar, distribuir, poner a disposici\u00f3n o de cualquier otra forma comunicar p\u00fablicamente, transformar o modificar tales contenidos manteniendo indemne a la empresa de cualquier reclamaci\u00f3n que se derive del incumplimiento de tales obligaciones. En ning\u00fan caso el acceso a dondalations.com implica ning\u00fan tipo de renuncia, transmisi\u00f3n, licencia o cesi\u00f3n total ni parcial de dichos derechos, salvo que se establezca expresamente lo contrario.<\/p><h2>5. Obligaciones y responsabilidades del usuario<\/h2><p>El Usuario se compromete a:<br \/>1. Hacer un uso adecuado y l\u00edcito del sitio Web as\u00ed como de los contenidos y servicios, de conformidad con: (i) la legislaci\u00f3n aplicable en cada momento; (ii) las Condiciones Generales de Uso del dondalations.com; (iii) la moral y buenas costumbres generalmente aceptadas y (iv) el orden p\u00fablico.<br \/>2. Proveerse de todos los medios y requerimientos t\u00e9cnicos que se precisen para acceder al dondalations.com.<br \/>3. Facilitar informaci\u00f3n veraz al cumplimentar con sus datos de car\u00e1cter personal los formularios contenidos en dondalations.com. El Usuario ser\u00e1 el \u00fanico responsable de las manifestaciones falsas o inexactas que realice y de los perjuicios que cause a la empresa o a terceros por la informaci\u00f3n que facilite.<\/p><p>No obstante lo establecido en el apartado anterior el Usuario deber\u00e1 asimismo abstenerse de:<br \/>1. Hacer un uso no autorizado o fraudulento de dondalations.com y\/o de los contenidos con fines o efectos il\u00edcitos, lesivos de los derechos e intereses de terceros, o que de cualquier forma puedan da\u00f1ar, inutilizar, sobrecargar, deteriorar o impedir la normal utilizaci\u00f3n de los servicios o los documentos, archivos y toda clase de contenidos almacenados en cualquier equipo inform\u00e1tico.<br \/>2. Introducir o difundir en la red virus inform\u00e1ticos o cualesquiera otros sistemas f\u00edsicos o l\u00f3gicos que sean susceptibles de provocar da\u00f1os en los sistemas f\u00edsicos o l\u00f3gicos de la empresa, proveedores o de terceros.<br \/>3. Intentar acceder, utilizar y\/o manipular los datos de la empresa, terceros proveedores y otros Usuarios.<\/p><h2>6. Responsabilidades<\/h2><p>La empresa no garantiza el acceso continuado, ni la correcta visualizaci\u00f3n, descarga o utilidad de los elementos e informaciones contenidas en la web que puedan verse impedidos, dificultados o interrumpidos por factores o circunstancias que est\u00e1n fuera de su control. No se hace responsable de las decisiones que pudieran adoptarse como consecuencia del acceso a los contenidos o informaciones ofrecidas.<\/p><p>Se podr\u00e1 interrumpir el servicio, o resolver de modo inmediato la relaci\u00f3n con el Usuario, si se detecta que un uso de dondalations.com, o de cualquiera de los servicios ofertados en el mismo, es contrario a las presentes Condiciones Generales de Uso. La empresa no se hace responsable por da\u00f1os, perjuicios, p\u00e9rdidas, reclamaciones o gastos derivados del uso de dondalations.com.<\/p><p>La empresa \u00fanicamente ser\u00e1 responsable de eliminar, lo antes posible, los contenidos que puedan generar tales perjuicios, siempre que as\u00ed se notifique. En especial no seremos responsables de los perjuicios que se pudieran derivar, entre otros, de:<br \/>1. Interferencias, interrupciones, fallos, omisiones, aver\u00edas telef\u00f3nicas, retrasos, bloqueos o desconexiones en el funcionamiento del sistema electr\u00f3nico.<br \/>2. Intromisiones ileg\u00edtimas mediante el uso de programas malignos de cualquier tipo y a trav\u00e9s de cualquier medio de comunicaci\u00f3n, tales como virus inform\u00e1ticos o cualesquiera otros.<br \/>3. Abuso indebido o inadecuado del sitio web.<br \/>4. Errores de seguridad o navegaci\u00f3n producidos por un mal funcionamiento del navegador o por el uso de versiones no actualizadas del mismo.<\/p><h2>7. Hiperv\u00ednculos<\/h2><p>El Usuario se obliga a no reproducir de ning\u00fan modo, ni siquiera mediante un hiperenlace o hiperv\u00ednculo, el sito web dondalations.com as\u00ed como ninguno de sus contenidos, salvo autorizaci\u00f3n expresa y por escrito del responsable del fichero.<\/p><p>dondalations.com puede incluir enlaces a otros espacios web, proprios o gestionados por terceros, con objeto de facilitar el acceso del Usuario a la informaci\u00f3n de otros servicios proprios o de empresas colaboradoras y\/o patrocinadoras. Conforme con ello, Michela Donda no se responsabiliza del contenido de espacios web de terceros ni de los resultados que puedan derivarse por acceso a dichos enlaces.<\/p><h2>8. Declaraciones y garant\u00edas<\/h2><p>En general, los contenidos y servicios ofrecidos en dondalations.com tienen car\u00e1cter meramente informativo. Por consiguiente, al ofrecerlos, no se otorga garant\u00eda ni declaraci\u00f3n alguna en relaci\u00f3n con los contenidos y servicios ofrecidos en el sitio web, incluyendo, a t\u00edtulo enunciativo, garant\u00edas de licitud, fiabilidad, utilidad, veracidad, exactitud, o comerciabilidad, salvo en la medida en que por ley no puedan excluirse tales declaraciones y garant\u00edas.<\/p><h2>9. Resoluci\u00f3n de controversias. Ley aplicable y jurisdicci\u00f3n<\/h2><p>Las presentes Condiciones Generales de Uso, as\u00ed como el uso de dondalations.com, se regir\u00e1n por la legislaci\u00f3n espa\u00f1ola. Para la resoluci\u00f3n de cualquier controversia las partes se someter\u00e1n a los Juzgados y Tribunales del domicilio social del Responsable del sitio web.<\/p>\t\t\t\t\t\t\t\t<\/div>\n\t\t\t\t<\/div>\n\t\t\t\t\t<\/div>\n\t\t<\/div>\n\t\t\t\t\t<\/div>\n\t\t<\/section>\n\t\t\t\t<\/div>\n\t\t","protected":false},"excerpt":{"rendered":"<p>1. Responsable de dondalations.com Michela Donda, responsable del sitio web dondalations.com, pone a disposici\u00f3n de los usuarios el presente documento, con el que pretende dar cumplimiento a las obligaciones dispuestas en la Ley 34\/2002, de 11 de julio, de Servicios de la Sociedad de la Informaci\u00f3n y del Comercio Electr\u00f3nico (LSSICE), as\u00ed como informar a [&hellip;]<\/p>\n","protected":false},"author":1,"featured_media":0,"parent":0,"menu_order":0,"comment_status":"closed","ping_status":"closed","template":"","meta":{"_joinchat":[],"footnotes":""},"class_list":["post-7575","page","type-page","status-publish","hentry"],"_links":{"self":[{"href":"https:\/\/dondalations.com\/es\/wp-json\/wp\/v2\/pages\/7575","targetHints":{"allow":["GET"]}}],"collection":[{"href":"https:\/\/dondalations.com\/es\/wp-json\/wp\/v2\/pages"}],"about":[{"href":"https:\/\/dondalations.com\/es\/wp-json\/wp\/v2\/types\/page"}],"author":[{"embeddable":true,"href":"https:\/\/dondalations.com\/es\/wp-json\/wp\/v2\/users\/1"}],"replies":[{"embeddable":true,"href":"https:\/\/dondalations.com\/es\/wp-json\/wp\/v2\/comments?post=7575"}],"version-history":[{"count":17,"href":"https:\/\/dondalations.com\/es\/wp-json\/wp\/v2\/pages\/7575\/revisions"}],"predecessor-version":[{"id":7937,"href":"https:\/\/dondalations.com\/es\/wp-json\/wp\/v2\/pages\/7575\/revisions\/7937"}],"wp:attachment":[{"href":"https:\/\/dondalations.com\/es\/wp-json\/wp\/v2\/media?parent=7575"}],"curies":[{"name":"wp","href":"https:\/\/api.w.org\/{rel}","templated":true}]}}