{"id":7404,"date":"2023-07-05T08:37:08","date_gmt":"2023-07-05T08:37:08","guid":{"rendered":"https:\/\/dondalations.com\/?page_id=7404"},"modified":"2023-07-31T10:06:51","modified_gmt":"2023-07-31T10:06:51","slug":"politica-de-cookies","status":"publish","type":"page","link":"https:\/\/dondalations.com\/es\/politica-de-cookies\/","title":{"rendered":"Pol\u00edtica de Cookies"},"content":{"rendered":"\t\t<div data-elementor-type=\"wp-page\" data-elementor-id=\"7404\" class=\"elementor elementor-7404 elementor-7398\">\n\t\t\t\t\t\t<section class=\"elementor-section elementor-top-section elementor-element elementor-element-1c47619 elementor-section-boxed elementor-section-height-default elementor-section-height-default marketum_parallax_no\" data-id=\"1c47619\" data-element_type=\"section\" data-e-type=\"section\">\n\t\t\t\t\t\t<div class=\"elementor-container elementor-column-gap-default\">\n\t\t\t\t\t<div class=\"elementor-column elementor-col-100 elementor-top-column elementor-element elementor-element-bcd98ff\" data-id=\"bcd98ff\" data-element_type=\"column\" data-e-type=\"column\">\n\t\t\t<div class=\"elementor-widget-wrap elementor-element-populated\">\n\t\t\t\t\t\t<div class=\"elementor-element elementor-element-7557529 elementor-widget elementor-widget-text-editor\" data-id=\"7557529\" data-element_type=\"widget\" data-e-type=\"widget\" data-widget_type=\"text-editor.default\">\n\t\t\t\t<div class=\"elementor-widget-container\">\n\t\t\t\t\t\t\t\t\t<p>Michela Donda informa acerca del uso de las cookies en su p\u00e1gina web dondalations.com.<\/p><h2>\u00bfQu\u00e9 son las cookies?<\/h2><p>Las cookies son archivos que se pueden descargar en tu equipo a trav\u00e9s de las p\u00e1ginas web. Son herramientas que tienen un papel esencial para la prestaci\u00f3n de numerosos servicios de la sociedad de la informaci\u00f3n. Entre otros, permiten a una p\u00e1gina web almacenar y recuperar informaci\u00f3n sobre los h\u00e1bitos de navegaci\u00f3n de un usuario o de su equipo y, dependiendo de la informaci\u00f3n obtenida, se pueden utilizar para reconocer al usuario y mejorar el servicio ofrecido.<\/p><h2>\u00bfQue tipos de cookies existen?<\/h2><p>Cookies t\u00e9cnicas\/funcionales: aquellas que permiten al usuario la navegaci\u00f3n a trav\u00e9s de una p\u00e1gina web, plataforma o aplicaci\u00f3n y la utilizaci\u00f3n de las diferentes opciones o servicios que en ella existan como, por ejemplo, controlar el tr\u00e1fico y la comunicaci\u00f3n de datos o realizar la solicitud de inscripci\u00f3n.<\/p><p>Cookies de an\u00e1lisis: permiten al responsable de las mismas, el seguimiento y an\u00e1lisis del comportamiento de los usuarios de los sitios web a los que est\u00e1n vinculadas. La informaci\u00f3n recogida mediante este tipo de cookies se utiliza en la medici\u00f3n de la actividad del sitio web, aplicaci\u00f3n o plataforma y para la elaboraci\u00f3n de perfiles de navegaci\u00f3n de sus usuarios, con el fin de introducir mejoras en funci\u00f3n del an\u00e1lisis de los datos de uso que hacen los usuarios del servicio.<\/p><p>Cookies publicitarias: permiten la gesti\u00f3n, de la forma m\u00e1s eficaz posible, de los espacios publicitarios. Almacenan informaci\u00f3n del comportamiento de los usuarios obtenida a trav\u00e9s de la observaci\u00f3n continuada de sus h\u00e1bitos de navegaci\u00f3n, lo que permite desarrollar un perfil espec\u00edfico para mostrar publicidad en funci\u00f3n del mismo.<\/p><h2>\u00bfQue cookies utiliza dondalations.com?<\/h2><p>dondalations.com utiliza cookies propias y de terceros.<\/p><p>La cookies propias son aqu\u00e9llas que se env\u00edan al equipo terminal del usuario desde un equipo o dominio gestionado por el propio editor y desde el que se presta el servicio solicitado por el usuario. Este sitio web utiliza cookies de preferencias, que permiten recordar las preferencias del usuario, como el idioma preferido. dondalations.com utiliza tambi\u00e9n las cookies estad\u00edsticas an\u00f3nimas de Elementor. Los datos no se comparten con terceros. Estas cookies son persistentes y su funci\u00f3n es guardar acciones hechas por usuarios en el sitio web.<\/p><p>Las cookies de terceros son aqu\u00e9llas que se env\u00edan al equipo terminal del usuario desde un equipo o dominio que no es gestionado por el editor, sino por otra entidad que trata los datos obtenidos trav\u00e9s de las cookies. Esta web utiliza las cookies anal\u00edticas de Google Analytics para analizar el uso que hacen los usuarios del sitio web y mejorar los servicios ofrecidos. Google Analytics es un servicio anal\u00edtico de Google Inc. <a href=\"https:\/\/policies.google.com\/technologies\/cookies\" target=\"_blank\" rel=\"noopener\">Aqu\u00ed<\/a> se puede consultar el tipo de cookies utilizado por Google.<\/p><h2>Aceptaci\u00f3n de cookies<\/h2><p>Michela Donda muestra informaci\u00f3n sobre su Pol\u00edtica de cookies en el cookie pop-up y en la parte inferior de cualquier p\u00e1gina del portal con cada visita. En el cookie pop-up y en el banner Gestionar el consentimiento, es posible llevar a cabo las siguientes acciones:<\/p><p>Aceptar cookies<br \/>Rechazar cookies<br \/>Ver preferencias\/Gestionar el consentimiento: podr\u00e1s activar o desactivar cookies y guardar tus preferencias.<\/p><h2>Desactivaci\u00f3n y eliminaci\u00f3n de cookies<\/h2><p>Tienes la opci\u00f3n de permitir, bloquear o eliminar las cookies instaladas en tu equipo mediante la configuraci\u00f3n de las opciones del navegador instalado en tu equipo.<br \/>Al desactivar cookies, algunos de los servicios disponibles podr\u00edan dejar de estar operativos. La forma de deshabilitar las cookies es diferente para cada navegador, pero normalmente puede hacerse desde el men\u00fa Herramientas u Opciones. El usuario podr\u00e1 en cualquier momento elegir qu\u00e9 cookies quiere que funcionen en este sitio web.<\/p>\t\t\t\t\t\t\t\t<\/div>\n\t\t\t\t<\/div>\n\t\t\t\t\t<\/div>\n\t\t<\/div>\n\t\t\t\t\t<\/div>\n\t\t<\/section>\n\t\t\t\t<\/div>\n\t\t","protected":false},"excerpt":{"rendered":"<p>Michela Donda informa acerca del uso de las cookies en su p\u00e1gina web dondalations.com. \u00bfQu\u00e9 son las cookies? Las cookies son archivos que se pueden descargar en tu equipo a trav\u00e9s de las p\u00e1ginas web. Son herramientas que tienen un papel esencial para la prestaci\u00f3n de numerosos servicios de la sociedad de la informaci\u00f3n. Entre [&hellip;]<\/p>\n","protected":false},"author":1,"featured_media":0,"parent":0,"menu_order":0,"comment_status":"closed","ping_status":"closed","template":"","meta":{"_joinchat":[],"footnotes":""},"class_list":["post-7404","page","type-page","status-publish","hentry"],"_links":{"self":[{"href":"https:\/\/dondalations.com\/es\/wp-json\/wp\/v2\/pages\/7404","targetHints":{"allow":["GET"]}}],"collection":[{"href":"https:\/\/dondalations.com\/es\/wp-json\/wp\/v2\/pages"}],"about":[{"href":"https:\/\/dondalations.com\/es\/wp-json\/wp\/v2\/types\/page"}],"author":[{"embeddable":true,"href":"https:\/\/dondalations.com\/es\/wp-json\/wp\/v2\/users\/1"}],"replies":[{"embeddable":true,"href":"https:\/\/dondalations.com\/es\/wp-json\/wp\/v2\/comments?post=7404"}],"version-history":[{"count":9,"href":"https:\/\/dondalations.com\/es\/wp-json\/wp\/v2\/pages\/7404\/revisions"}],"predecessor-version":[{"id":8023,"href":"https:\/\/dondalations.com\/es\/wp-json\/wp\/v2\/pages\/7404\/revisions\/8023"}],"wp:attachment":[{"href":"https:\/\/dondalations.com\/es\/wp-json\/wp\/v2\/media?parent=7404"}],"curies":[{"name":"wp","href":"https:\/\/api.w.org\/{rel}","templated":true}]}}