{"id":7308,"date":"2023-03-09T11:44:35","date_gmt":"2023-03-09T11:44:35","guid":{"rendered":"https:\/\/dondalations.com\/privacy-policy\/"},"modified":"2023-07-20T10:13:45","modified_gmt":"2023-07-20T10:13:45","slug":"politica-de-privacidad","status":"publish","type":"page","link":"https:\/\/dondalations.com\/es\/politica-de-privacidad\/","title":{"rendered":"Pol\u00edtica de Privacidad"},"content":{"rendered":"\t\t<div data-elementor-type=\"wp-page\" data-elementor-id=\"7308\" class=\"elementor elementor-7308 elementor-7302\">\n\t\t\t\t\t\t<section class=\"elementor-section elementor-top-section elementor-element elementor-element-46ca4bb7 elementor-section-boxed elementor-section-height-default elementor-section-height-default marketum_parallax_no\" data-id=\"46ca4bb7\" data-element_type=\"section\" data-e-type=\"section\">\n\t\t\t\t\t\t<div class=\"elementor-container elementor-column-gap-default\">\n\t\t\t\t\t<div class=\"elementor-column elementor-col-100 elementor-top-column elementor-element elementor-element-2a99e1d2 pp\" data-id=\"2a99e1d2\" data-element_type=\"column\" data-e-type=\"column\">\n\t\t\t<div class=\"elementor-widget-wrap elementor-element-populated\">\n\t\t\t\t\t\t<div class=\"elementor-element elementor-element-73a1c31 elementor-widget elementor-widget-text-editor\" data-id=\"73a1c31\" data-element_type=\"widget\" data-e-type=\"widget\" data-widget_type=\"text-editor.default\">\n\t\t\t\t<div class=\"elementor-widget-container\">\n\t\t\t\t\t\t\t\t\t<h2>Protecci\u00f3n de datos de car\u00e1cter personal<\/h2><p>Michela Donda, en aplicaci\u00f3n de la normativa vigente en materia de protecci\u00f3n de datos de car\u00e1cter personal, el Reglamento (UE) 2016\/679 de 27 de abril (RGPD) y la Ley Org\u00e1nica 3\/2018 de 5 de diciembre (LOPDDD), informa que los datos personales que se recogen a trav\u00e9s de los formularios del Sitio web dondalations.com, se incluyen en los ficheros automatizados espec\u00edficos de usuarios de su servicios.<\/p><p>La recogida y tratamiento automatizado de los datos de car\u00e1cter personal tiene como finalidad el mantenimiento de la relaci\u00f3n comercial y el desempe\u00f1o de tareas de informaci\u00f3n, formaci\u00f3n, asesoramiento y otras actividades propias de Michela Donda. Estos datos \u00fanicamente ser\u00e1n cedidos a aquellas entidades que sean necesarias con el \u00fanico objetivo de dar cumplimiento a la finalidad anteriormente expuesta.<\/p><h2>\u00bfQui\u00e9n es el responsable de dondalations.com?<\/h2><p>Denominaci\u00f3n social: Michela Donda<br \/>NIE: ESY2807779E<br \/>Domicilio: Carrer de Sant Vicen\u00e7 3 Principal 1, 08001 Barcelona, Espa\u00f1a<br \/>E-mail: <a href=\"mailto:info@dondalations.com\">info@dondalations.com<\/a><br \/>Actividad: servicios de traducci\u00f3n, revisi\u00f3n y copywriting<\/p><h2>\u00bfQu\u00e9 datos personales se recogen en dondalations.com?<\/h2><p>Michela Donda recaba a trav\u00e9s de los formularios y trata los datos personales a continuaci\u00f3n:<br \/>&#8211; nombre y appellidos<br \/>&#8211; correo electr\u00f3nico<\/p><p>Los campos de dichos formularios son de cumplimentaci\u00f3n obligatoria. En caso de que no nos facilites tus datos o lo hagas de forma err\u00f3nea o incompleta, no podremos atender tu solicitud, resultando del todo imposible proporcionarte la informaci\u00f3n solicitada o llevar a cabo la contrataci\u00f3n de los servicios.<\/p><h2>\u00bfCon qu\u00e9 finalidad trataremos tus datos personales?<\/h2><p>En Michela Donda, trataremos tus datos personales recabados a trav\u00e9s del Sitio Web dondalations.com, con las siguientes finalidades:<br \/>1. En caso de contrataci\u00f3n de los servicios ofertados a trav\u00e9s de dondalations.com, para<br \/>mantener la relaci\u00f3n contractual, as\u00ed como la gesti\u00f3n, administraci\u00f3n, informaci\u00f3n, prestaci\u00f3n y mejora del servicio.<br \/>2. Env\u00edo de informaci\u00f3n solicitada a trav\u00e9s de los formularios dispuestos en dondalations.com<br \/>3. Remitir newsletters, as\u00ed como comunicaciones comerciales de promociones y\/o publicidad de Michela Donda y del sector.<\/p><p>Te recordamos que puedes oponerte al env\u00edo de comunicaciones comerciales por cualquier v\u00eda y en cualquier momento, remitiendo un correo electr\u00f3nico a la direcci\u00f3n indicada anteriormente.<\/p><h2>\u00bfPor cu\u00e1nto tiempo se conservan los datos personales recabados?<\/h2><p>Los datos personales proporcionados se conservar\u00e1n mientras se mantenga la relaci\u00f3n comercial o no solicites su supresi\u00f3n y durante el plazo por el cu\u00e1l pudieran derivarse responsabilidades legales por los servicios prestados.<\/p><h2>\u00bfCon que base legal se tratan los datos personales?<\/h2><p>El tratamiento de tus datos se realiza con las siguientes bases jur\u00eddicas que legitiman el mismo:<br \/>1. La solicitud de informaci\u00f3n y\/o la contrataci\u00f3n de los servicios de Michela Donda, cuyos t\u00e9rminos y condiciones se pondr\u00e1n a tu disposici\u00f3n en todo caso, de forma previa a una eventual contrataci\u00f3n.<br \/>2. El consentimiento libre, espec\u00edfico, informado e inequ\u00edvoco, en tanto que te informamos poniendo a tu disposici\u00f3n la presente pol\u00edtica de privacidad, que tras la lectura de la misma, en caso de estar conforme, puedes aceptar mediante una declaraci\u00f3n o una clara acci\u00f3n afirmativa, como el marcado de una casilla dispuesta al efecto.<\/p><h2>\u00bfA qu\u00e9 destinatarios se comunicar\u00e1n tus datos?<\/h2><p>Michela Donda comunica datos a proveedores de servicios externos (por ejemplo, gesti\u00f3n de sitios web, distribuci\u00f3n de correo electr\u00f3nico) para que puedan prestar servicios necesarios para el desarrollo de la actividad.<br \/>Esta web utiliza herramientas de email marketing y de chat online contratadas por terceros.<br \/>Cualquier transferencia internacional de datos derivada de la utilizaci\u00f3n de herramientas o proveedores de servicios, estar\u00e1 adherida al convenio Privacy Shield, que garantiza el cumplimiento de las pol\u00edticas de protecci\u00f3n de datos europeas en materia de privacidad, secreto y seguridad de los datos.<\/p><h2>\u00bfCu\u00e1les son los derechos de los usuarios?<\/h2><p>El usuario podr\u00e1 en cualquier momento ejercitar los derechos de acceso, oposici\u00f3n, rectificaci\u00f3n o supresi\u00f3n, cancelaci\u00f3n, limitaci\u00f3n del tratamiento, reconocidos en el Reglamento UE RGPD. El ejercicio de estos derechos puede realizarlo el propio usuario a trav\u00e9s de email a: <a href=\"mailto:info@dondalations.com\">info@dondalations.com<\/a><\/p><h2>Seguridad de los datos<\/h2><p>Michela Donda adopta las medidas necesarias para garantizar la seguridad, integridad y confidencialidad de los datos conforme a lo dispuesto en el Reglamento UE RGPD.<\/p><h2>Veracidad de los datos<\/h2><p>El usuario manifiesta que todos los datos facilitados por \u00e9l son ciertos y correctos, y se compromete a mantenerlos actualizados, comunicando los cambios a Michela Donda.<\/p>\t\t\t\t\t\t\t\t<\/div>\n\t\t\t\t<\/div>\n\t\t\t\t\t<\/div>\n\t\t<\/div>\n\t\t\t\t\t<\/div>\n\t\t<\/section>\n\t\t\t\t<\/div>\n\t\t","protected":false},"excerpt":{"rendered":"<p>Protecci\u00f3n de datos de car\u00e1cter personal Michela Donda, en aplicaci\u00f3n de la normativa vigente en materia de protecci\u00f3n de datos de car\u00e1cter personal, el Reglamento (UE) 2016\/679 de 27 de abril (RGPD) y la Ley Org\u00e1nica 3\/2018 de 5 de diciembre (LOPDDD), informa que los datos personales que se recogen a trav\u00e9s de los formularios [&hellip;]<\/p>\n","protected":false},"author":1,"featured_media":0,"parent":0,"menu_order":0,"comment_status":"closed","ping_status":"open","template":"","meta":{"_joinchat":[],"footnotes":""},"class_list":["post-7308","page","type-page","status-publish","hentry"],"_links":{"self":[{"href":"https:\/\/dondalations.com\/es\/wp-json\/wp\/v2\/pages\/7308","targetHints":{"allow":["GET"]}}],"collection":[{"href":"https:\/\/dondalations.com\/es\/wp-json\/wp\/v2\/pages"}],"about":[{"href":"https:\/\/dondalations.com\/es\/wp-json\/wp\/v2\/types\/page"}],"author":[{"embeddable":true,"href":"https:\/\/dondalations.com\/es\/wp-json\/wp\/v2\/users\/1"}],"replies":[{"embeddable":true,"href":"https:\/\/dondalations.com\/es\/wp-json\/wp\/v2\/comments?post=7308"}],"version-history":[{"count":17,"href":"https:\/\/dondalations.com\/es\/wp-json\/wp\/v2\/pages\/7308\/revisions"}],"predecessor-version":[{"id":7902,"href":"https:\/\/dondalations.com\/es\/wp-json\/wp\/v2\/pages\/7308\/revisions\/7902"}],"wp:attachment":[{"href":"https:\/\/dondalations.com\/es\/wp-json\/wp\/v2\/media?parent=7308"}],"curies":[{"name":"wp","href":"https:\/\/api.w.org\/{rel}","templated":true}]}}