{"id":6950,"date":"2022-01-05T01:50:00","date_gmt":"2022-01-05T01:50:00","guid":{"rendered":"https:\/\/dondalations.com\/contatti\/"},"modified":"2023-07-20T09:58:21","modified_gmt":"2023-07-20T09:58:21","slug":"contacto","status":"publish","type":"page","link":"https:\/\/dondalations.com\/es\/contacto\/","title":{"rendered":"Contacto"},"content":{"rendered":"\t\t<div data-elementor-type=\"wp-page\" data-elementor-id=\"6950\" class=\"elementor elementor-6950 elementor-234\">\n\t\t\t\t\t\t<section class=\"elementor-section elementor-top-section elementor-element elementor-element-7cca4fe7 elementor-section-stretched elementor-reverse-mobile elementor-section-boxed elementor-section-height-default elementor-section-height-default marketum_parallax_no\" data-id=\"7cca4fe7\" data-element_type=\"section\" data-e-type=\"section\" data-settings=\"{&quot;stretch_section&quot;:&quot;section-stretched&quot;,&quot;background_background&quot;:&quot;classic&quot;}\">\n\t\t\t\t\t\t<div class=\"elementor-container elementor-column-gap-default\">\n\t\t\t\t\t<div class=\"elementor-column elementor-col-50 elementor-top-column elementor-element elementor-element-1e3c91bc\" data-id=\"1e3c91bc\" data-element_type=\"column\" data-e-type=\"column\">\n\t\t\t<div class=\"elementor-widget-wrap elementor-element-populated\">\n\t\t\t\t\t\t<div class=\"elementor-element elementor-element-7fabdc5a elementor-widget elementor-widget-marketum_heading\" data-id=\"7fabdc5a\" data-element_type=\"widget\" data-e-type=\"widget\" data-widget_type=\"marketum_heading.default\">\n\t\t\t\t<div class=\"elementor-widget-container\">\n\t\t\t\t\t\n        <div class=\"marketum_heading_widget\">\n                                <h2 class=\"marketum_heading\">\n                        Gracias por pasarte por aqu\u00ed: \u00bfen qu\u00e9 puedo ayudarte?                    <\/h2>\n                            <\/div>\n        \t\t\t\t<\/div>\n\t\t\t\t<\/div>\n\t\t\t\t<div class=\"elementor-element elementor-element-20714f00 elementor-widget elementor-widget-text-editor\" data-id=\"20714f00\" data-element_type=\"widget\" data-e-type=\"widget\" data-widget_type=\"text-editor.default\">\n\t\t\t\t<div class=\"elementor-widget-container\">\n\t\t\t\t\t\t\t\t\t<p lang=\"it-IT\">\u00bfTe gustar\u00eda asignarme la <a href=\"https:\/\/dondalations.com\/es\/traduccion-al-italiano\/\">traducci\u00f3n<\/a> de un texto t\u00e9cnico o creativo? \u00bfNecesitas una <a href=\"https:\/\/dondalations.com\/es\/correccion-de-textos-en-italiano\/\">correcci\u00f3n<\/a>? \u00bfTe gustar\u00eda que cree <a href=\"https:\/\/dondalations.com\/es\/redaccion-publicitaria-y-de-contenidos\/\">contenido<\/a> para tu sitio web o newsletter? \u00bfDeseas recibir un presupuesto o saber m\u00e1s sobre mis servicios?<\/p><p lang=\"it-IT\">No dudes en ponerte en contacto conmigo a trav\u00e9s de este formulario, envi\u00e1ndome un correo electr\u00f3nico o llam\u00e1ndome por tel\u00e9fono. Me pondr\u00e9 en contacto contigo lo antes posible para enviarte toda la informaci\u00f3n que necesites y los detalles para una reuni\u00f3n virtual o en persona. Ser\u00e1 un absoluto placer conocerte por medio de una llamada o, tal vez, en uno de los numerosos y bulliciosos caf\u00e9s de Barcelona.<\/p>\t\t\t\t\t\t\t\t<\/div>\n\t\t\t\t<\/div>\n\t\t\t\t<section class=\"elementor-section elementor-inner-section elementor-element elementor-element-17844b97 elementor-section-boxed elementor-section-height-default elementor-section-height-default marketum_parallax_no\" data-id=\"17844b97\" data-element_type=\"section\" data-e-type=\"section\">\n\t\t\t\t\t\t<div class=\"elementor-container elementor-column-gap-default\">\n\t\t\t\t\t<div class=\"elementor-column elementor-col-100 elementor-inner-column elementor-element elementor-element-5e588804\" data-id=\"5e588804\" data-element_type=\"column\" data-e-type=\"column\">\n\t\t\t<div class=\"elementor-widget-wrap elementor-element-populated\">\n\t\t\t\t\t\t<div class=\"elementor-element elementor-element-2b27f6c2 elementor-widget elementor-widget-marketum_contacts\" data-id=\"2b27f6c2\" data-element_type=\"widget\" data-e-type=\"widget\" data-widget_type=\"marketum_contacts.default\">\n\t\t\t\t<div class=\"elementor-widget-container\">\n\t\t\t\t\t\n        <div class=\"marketum_contacts_widget\">\n            <div class=\"marketum_contacts_wrapper\">\n                                    <h4 class=\"marketum_contacts_title\">E-mail<\/h4>\n                    \n                <div class=\"marketum_contacts_details\">\n                                            <p class=\"marketum_contacts_email\">\n                            <span><\/span>\n                            <a href=\"mailto:info@dondalations.com\t\">info@dondalations.com\t<\/a>\n                        <\/p>\n                                        <\/div>\n            <\/div>\n        <\/div>\n\n        \t\t\t\t<\/div>\n\t\t\t\t<\/div>\n\t\t\t\t<div class=\"elementor-element elementor-element-6df2be42 elementor-widget elementor-widget-marketum_contacts\" data-id=\"6df2be42\" data-element_type=\"widget\" data-e-type=\"widget\" data-widget_type=\"marketum_contacts.default\">\n\t\t\t\t<div class=\"elementor-widget-container\">\n\t\t\t\t\t\n        <div class=\"marketum_contacts_widget\">\n            <div class=\"marketum_contacts_wrapper\">\n                                    <h4 class=\"marketum_contacts_title\">Tel\u00e9fono<\/h4>\n                    \n                <div class=\"marketum_contacts_details\">\n                                    <\/div>\n            <\/div>\n        <\/div>\n\n        \t\t\t\t<\/div>\n\t\t\t\t<\/div>\n\t\t\t\t<div class=\"elementor-element elementor-element-16872d0 elementor-widget elementor-widget-text-editor\" data-id=\"16872d0\" data-element_type=\"widget\" data-e-type=\"widget\" data-widget_type=\"text-editor.default\">\n\t\t\t\t<div class=\"elementor-widget-container\">\n\t\t\t\t\t\t\t\t\t<p><a href=\"tel:+34634599936\">+34 634599936<\/a><\/p>\t\t\t\t\t\t\t\t<\/div>\n\t\t\t\t<\/div>\n\t\t\t\t<div class=\"elementor-element elementor-element-c1bfcd4 elementor-widget elementor-widget-heading\" data-id=\"c1bfcd4\" data-element_type=\"widget\" data-e-type=\"widget\" data-widget_type=\"heading.default\">\n\t\t\t\t<div class=\"elementor-widget-container\">\n\t\t\t\t\t<h4 class=\"elementor-heading-title elementor-size-default\">Formulario de contacto<\/h4>\t\t\t\t<\/div>\n\t\t\t\t<\/div>\n\t\t\t\t<div class=\"elementor-element elementor-element-aa6a15c elementor-widget elementor-widget-text-editor\" data-id=\"aa6a15c\" data-element_type=\"widget\" data-e-type=\"widget\" data-widget_type=\"text-editor.default\">\n\t\t\t\t<div class=\"elementor-widget-container\">\n\t\t\t\t\t\t\t\t\t<a href=\"#contact-form\">Escr\u00edbeme \u2193<\/a>\t\t\t\t\t\t\t\t<\/div>\n\t\t\t\t<\/div>\n\t\t\t\t\t<\/div>\n\t\t<\/div>\n\t\t\t\t\t<\/div>\n\t\t<\/section>\n\t\t\t\t\t<\/div>\n\t\t<\/div>\n\t\t\t\t<div class=\"elementor-column elementor-col-50 elementor-top-column elementor-element elementor-element-677890be\" data-id=\"677890be\" data-element_type=\"column\" data-e-type=\"column\">\n\t\t\t<div class=\"elementor-widget-wrap elementor-element-populated\">\n\t\t\t\t\t\t<div class=\"elementor-element elementor-element-6996fc2 elementor-widget elementor-widget-image\" data-id=\"6996fc2\" data-element_type=\"widget\" data-e-type=\"widget\" data-widget_type=\"image.default\">\n\t\t\t\t<div class=\"elementor-widget-container\">\n\t\t\t\t\t\t\t\t\t\t\t\t\t\t\t<img fetchpriority=\"high\" decoding=\"async\" width=\"824\" height=\"1024\" src=\"https:\/\/dondalations.com\/wp-content\/uploads\/2023\/05\/19michela-doribarranco-baja-1-824x1024.webp\" class=\"attachment-large size-large wp-image-6780\" alt=\"\" srcset=\"https:\/\/dondalations.com\/wp-content\/uploads\/2023\/05\/19michela-doribarranco-baja-1-824x1024.webp 824w, https:\/\/dondalations.com\/wp-content\/uploads\/2023\/05\/19michela-doribarranco-baja-1-241x300.webp 241w, https:\/\/dondalations.com\/wp-content\/uploads\/2023\/05\/19michela-doribarranco-baja-1-768x955.webp 768w, https:\/\/dondalations.com\/wp-content\/uploads\/2023\/05\/19michela-doribarranco-baja-1-1236x1536.webp 1236w, https:\/\/dondalations.com\/wp-content\/uploads\/2023\/05\/19michela-doribarranco-baja-1.webp 1400w\" sizes=\"(max-width: 824px) 100vw, 824px\" \/>\t\t\t\t\t\t\t\t\t\t\t\t\t\t\t<\/div>\n\t\t\t\t<\/div>\n\t\t\t\t\t<\/div>\n\t\t<\/div>\n\t\t\t\t\t<\/div>\n\t\t<\/section>\n\t\t\t\t<section class=\"elementor-section elementor-top-section elementor-element elementor-element-0e137f9 elementor-section-stretched elementor-section-boxed elementor-section-height-default elementor-section-height-default marketum_parallax_no\" data-id=\"0e137f9\" data-element_type=\"section\" data-e-type=\"section\" id=\"contact-form\" data-settings=\"{&quot;stretch_section&quot;:&quot;section-stretched&quot;,&quot;background_background&quot;:&quot;classic&quot;}\">\n\t\t\t\t\t\t<div class=\"elementor-container elementor-column-gap-default\">\n\t\t\t\t\t<div class=\"elementor-column elementor-col-100 elementor-top-column elementor-element elementor-element-ccc18f6\" data-id=\"ccc18f6\" data-element_type=\"column\" data-e-type=\"column\">\n\t\t\t<div class=\"elementor-widget-wrap elementor-element-populated\">\n\t\t\t\t\t\t<section class=\"elementor-section elementor-inner-section elementor-element elementor-element-06173c3 elementor-section-boxed elementor-section-height-default elementor-section-height-default marketum_parallax_no\" data-id=\"06173c3\" data-element_type=\"section\" data-e-type=\"section\" data-settings=\"{&quot;background_background&quot;:&quot;classic&quot;}\">\n\t\t\t\t\t\t<div class=\"elementor-container elementor-column-gap-default\">\n\t\t\t\t\t<div class=\"elementor-column elementor-col-100 elementor-inner-column elementor-element elementor-element-e0f55d4\" data-id=\"e0f55d4\" data-element_type=\"column\" data-e-type=\"column\">\n\t\t\t<div class=\"elementor-widget-wrap elementor-element-populated\">\n\t\t\t\t\t\t<div class=\"elementor-element elementor-element-f56af5e elementor-widget elementor-widget-shortcode\" data-id=\"f56af5e\" data-element_type=\"widget\" data-e-type=\"widget\" data-widget_type=\"shortcode.default\">\n\t\t\t\t<div class=\"elementor-widget-container\">\n\t\t\t\t\t\t\t<div class=\"elementor-shortcode\">\n<div class=\"wpcf7 no-js\" id=\"wpcf7-f6926-o1\" lang=\"es-ES\" dir=\"ltr\" data-wpcf7-id=\"6926\">\n<div class=\"screen-reader-response\"><p role=\"status\" aria-live=\"polite\" aria-atomic=\"true\"><\/p> <ul><\/ul><\/div>\n<form action=\"\/es\/wp-json\/wp\/v2\/pages\/6950#wpcf7-f6926-o1\" method=\"post\" class=\"wpcf7-form init\" aria-label=\"Formulario de contacto\" novalidate=\"novalidate\" data-status=\"init\">\n<fieldset class=\"hidden-fields-container\"><input type=\"hidden\" name=\"_wpcf7\" value=\"6926\" \/><input type=\"hidden\" name=\"_wpcf7_version\" value=\"6.1.5\" \/><input type=\"hidden\" name=\"_wpcf7_locale\" value=\"es_ES\" \/><input type=\"hidden\" name=\"_wpcf7_unit_tag\" value=\"wpcf7-f6926-o1\" \/><input type=\"hidden\" name=\"_wpcf7_container_post\" value=\"0\" \/><input type=\"hidden\" name=\"_wpcf7_posted_data_hash\" value=\"\" \/>\n<\/fieldset>\n<p><span class=\"wpcf7-form-control-wrap\" data-name=\"your-name\"><input size=\"40\" maxlength=\"400\" class=\"wpcf7-form-control wpcf7-text wpcf7-validates-as-required\" aria-required=\"true\" aria-invalid=\"false\" placeholder=\"Tu nombre\" value=\"\" type=\"text\" name=\"your-name\" \/><\/span><span class=\"wpcf7-form-control-wrap\" data-name=\"your-email\"><input size=\"40\" maxlength=\"400\" class=\"wpcf7-form-control wpcf7-email wpcf7-validates-as-required wpcf7-text wpcf7-validates-as-email\" aria-required=\"true\" aria-invalid=\"false\" placeholder=\"Tu direcci\u00f3n de correo electr\u00f3nico\" value=\"\" type=\"email\" name=\"your-email\" \/><\/span><span class=\"wpcf7-form-control-wrap\" data-name=\"your-message\"><textarea cols=\"40\" rows=\"10\" maxlength=\"2000\" class=\"wpcf7-form-control wpcf7-textarea\" aria-invalid=\"false\" placeholder=\"H\u00e1blame de ti. \u00bfEn qu\u00e9 puedo ayudarte?\" name=\"your-message\"><\/textarea><\/span><br \/>\nIntroduce este c\u00f3digo: <input type=\"hidden\" name=\"_wpcf7_captcha_challenge_captcha-4\" value=\"467866626\" \/><img decoding=\"async\" class=\"wpcf7-form-control wpcf7-captchac wpcf7-captcha-captcha-4\" width=\"72\" height=\"24\" alt=\"captcha\" src=\"https:\/\/dondalations.com\/wp-content\/uploads\/wpcf7_captcha\/467866626.png\" \/><br \/>\n<span class=\"wpcf7-form-control-wrap\" data-name=\"captcha-4\"><input size=\"40\" class=\"wpcf7-form-control wpcf7-captchar\" autocomplete=\"off\" aria-invalid=\"false\" value=\"\" type=\"text\" name=\"captcha-4\" \/><\/span><br \/>\n<span class=\"wpcf7-form-control-wrap\" data-name=\"acceptance-509\"><span class=\"wpcf7-form-control wpcf7-acceptance\"><span class=\"wpcf7-list-item\"><label><input type=\"checkbox\" name=\"acceptance-509\" value=\"1\" aria-invalid=\"false\" \/><span class=\"wpcf7-list-item-label\">He le\u00eddo y acepto la pol\u00edtica de privacidad<\/span><\/label><\/span><\/span><\/span><br \/>\n<input class=\"wpcf7-form-control wpcf7-submit has-spinner\" type=\"submit\" value=\"Env\u00eda\" \/>\n<\/p><div class=\"wpcf7-response-output\" aria-hidden=\"true\"><\/div>\n<\/form>\n<\/div>\n<\/div>\n\t\t\t\t\t\t<\/div>\n\t\t\t\t<\/div>\n\t\t\t\t<div class=\"elementor-element elementor-element-74f2aa1 elementor-widget elementor-widget-toggle\" data-id=\"74f2aa1\" data-element_type=\"widget\" data-e-type=\"widget\" data-widget_type=\"toggle.default\">\n\t\t\t\t<div class=\"elementor-widget-container\">\n\t\t\t\t\t\t\t<div class=\"elementor-toggle\">\n\t\t\t\t\t\t\t<div class=\"elementor-toggle-item\">\n\t\t\t\t\t<div id=\"elementor-tab-title-1221\" class=\"elementor-tab-title\" data-tab=\"1\" role=\"button\" aria-controls=\"elementor-tab-content-1221\" aria-expanded=\"false\">\n\t\t\t\t\t\t\t\t\t\t\t\t<span class=\"elementor-toggle-icon elementor-toggle-icon-right\" aria-hidden=\"true\">\n\t\t\t\t\t\t\t\t\t\t\t\t\t\t\t<span class=\"elementor-toggle-icon-closed\"><i class=\"fas fa-caret-right\"><\/i><\/span>\n\t\t\t\t\t\t\t\t<span class=\"elementor-toggle-icon-opened\"><i class=\"elementor-toggle-icon-opened fas fa-caret-up\"><\/i><\/span>\n\t\t\t\t\t\t\t\t\t\t\t\t\t<\/span>\n\t\t\t\t\t\t\t\t\t\t\t\t<a class=\"elementor-toggle-title\" tabindex=\"0\">Antes de enviar tu mensaje, lee la informaci\u00f3n b\u00e1sica sobre Protecci\u00f3n de Datos aqu\u00ed.<\/a>\n\t\t\t\t\t<\/div>\n\n\t\t\t\t\t<div id=\"elementor-tab-content-1221\" class=\"elementor-tab-content elementor-clearfix\" data-tab=\"1\" role=\"region\" aria-labelledby=\"elementor-tab-title-1221\"><p><span style=\"color: #741d12;\"><strong>Informaci\u00f3n B\u00e1sica sobre Protecci\u00f3n de Datos:<\/strong><\/span><\/p><p><strong>Responsable:<\/strong> Michela Donda<br \/><strong>Finalidad de la recogida y tratamiento de los datos personales:<\/strong> gestionar la solicitud que realizas en este formulario de contacto.<br \/><strong>Derechos:<\/strong> Podr\u00e1s ejercer tus derechos de acceso, rectificaci\u00f3n, limitaci\u00f3n y suprimir los datos en <a href=\"mailto:info@dondalations.com\">info@dondalations.com<\/a> as\u00ed como el derecho a presentar una reclamaci\u00f3n ante una autoridad de control.<br \/>Informaci\u00f3n adicional: En <a href=\"https:\/\/dondalations.com\/es\/politica-de-privacidad\/\" target=\"_blank\" rel=\"noopener\">www.dondalations.com\/es\/pol\u00edtica-de-privacidad<\/a> encontrar\u00e1s informaci\u00f3n adicional sobre la recopilaci\u00f3n y el uso de su informaci\u00f3n personal, incluida informaci\u00f3n sobre acceso, conservaci\u00f3n, rectificaci\u00f3n, eliminaci\u00f3n, seguridad, y otros temas.<\/p><\/div>\n\t\t\t\t<\/div>\n\t\t\t\t\t\t\t\t<\/div>\n\t\t\t\t\t\t<\/div>\n\t\t\t\t<\/div>\n\t\t\t\t\t<\/div>\n\t\t<\/div>\n\t\t\t\t\t<\/div>\n\t\t<\/section>\n\t\t\t\t\t<\/div>\n\t\t<\/div>\n\t\t\t\t\t<\/div>\n\t\t<\/section>\n\t\t\t\t<section class=\"elementor-section elementor-top-section elementor-element elementor-element-a22b7d0 elementor-section-content-middle elementor-section-stretched elementor-section-boxed elementor-section-height-default elementor-section-height-default marketum_parallax_no elementor-invisible\" data-id=\"a22b7d0\" data-element_type=\"section\" data-e-type=\"section\" data-settings=\"{&quot;stretch_section&quot;:&quot;section-stretched&quot;,&quot;background_background&quot;:&quot;classic&quot;,&quot;animation&quot;:&quot;image_clip_right&quot;}\">\n\t\t\t\t\t\t<div class=\"elementor-container elementor-column-gap-default\">\n\t\t\t\t\t<div class=\"elementor-column elementor-col-100 elementor-top-column elementor-element elementor-element-a8c97fd\" data-id=\"a8c97fd\" data-element_type=\"column\" data-e-type=\"column\" data-settings=\"{&quot;animation&quot;:&quot;none&quot;,&quot;animation_delay&quot;:1000}\">\n\t\t\t<div class=\"elementor-widget-wrap elementor-element-populated\">\n\t\t\t\t\t\t<div class=\"elementor-element elementor-element-87c39c1 elementor-widget elementor-widget-marketum_heading\" data-id=\"87c39c1\" data-element_type=\"widget\" data-e-type=\"widget\" data-widget_type=\"marketum_heading.default\">\n\t\t\t\t<div class=\"elementor-widget-container\">\n\t\t\t\t\t\n        <div class=\"marketum_heading_widget\">\n                                <h3 class=\"marketum_heading\">\n                        Mantente en <span class=\"font-hw font-color\">contacto<\/span>                    <\/h3>\n                            <\/div>\n        \t\t\t\t<\/div>\n\t\t\t\t<\/div>\n\t\t\t\t<div class=\"elementor-element elementor-element-f3e74a4 elementor-widget elementor-widget-text-editor\" data-id=\"f3e74a4\" data-element_type=\"widget\" data-e-type=\"widget\" data-widget_type=\"text-editor.default\">\n\t\t\t\t<div class=\"elementor-widget-container\">\n\t\t\t\t\t\t\t\t\tNo te pierdas la <a class=\"ml-onclick-form\" href=\"javascript:void(0)\" onclick=\"ml('show', 'ZlJS9N', true)\">Dondaletter<\/a>, repleta de interesantes reflexiones sobre la evoluci\u00f3n del lenguaje y su impacto en la comunicaci\u00f3n con tus clientes.\n<\/span><span lang=\"it-IT\">Si prefieres las redes sociales, tambi\u00e9n puedes encontrarme en <\/span><a href=\"https:\/\/www.linkedin.com\/in\/micheladonda\/\" target=\"_blank\" rel=\"noopener\"><span lang=\"it-IT\">LinkedIn<\/span><\/a><span lang=\"it-IT\"> y en <\/span><a href=\"https:\/\/www.facebook.com\/dondalations\" target=\"_blank\" rel=\"noopener\"><span lang=\"it-IT\">Facebook<\/span><\/a><span lang=\"it-IT\">.<\/span><\/p>\t\t\t\t\t\t\t\t<\/div>\n\t\t\t\t<\/div>\n\t\t\t\t\t<\/div>\n\t\t<\/div>\n\t\t\t\t\t<\/div>\n\t\t<\/section>\n\t\t\t\t<\/div>\n\t\t","protected":false},"excerpt":{"rendered":"<p>\u00bfTe gustar\u00eda asignarme la traducci\u00f3n de un texto t\u00e9cnico o creativo? \u00bfNecesitas una correcci\u00f3n? \u00bfTe gustar\u00eda que cree contenido para tu sitio web o newsletter? \u00bfDeseas recibir un presupuesto o saber m\u00e1s sobre mis servicios? No dudes en ponerte en contacto conmigo a trav\u00e9s de este formulario, envi\u00e1ndome un correo electr\u00f3nico o llam\u00e1ndome por tel\u00e9fono. [&hellip;]<\/p>\n","protected":false},"author":1,"featured_media":0,"parent":0,"menu_order":0,"comment_status":"closed","ping_status":"closed","template":"","meta":{"_joinchat":[],"footnotes":""},"class_list":["post-6950","page","type-page","status-publish","hentry"],"_links":{"self":[{"href":"https:\/\/dondalations.com\/es\/wp-json\/wp\/v2\/pages\/6950","targetHints":{"allow":["GET"]}}],"collection":[{"href":"https:\/\/dondalations.com\/es\/wp-json\/wp\/v2\/pages"}],"about":[{"href":"https:\/\/dondalations.com\/es\/wp-json\/wp\/v2\/types\/page"}],"author":[{"embeddable":true,"href":"https:\/\/dondalations.com\/es\/wp-json\/wp\/v2\/users\/1"}],"replies":[{"embeddable":true,"href":"https:\/\/dondalations.com\/es\/wp-json\/wp\/v2\/comments?post=6950"}],"version-history":[{"count":19,"href":"https:\/\/dondalations.com\/es\/wp-json\/wp\/v2\/pages\/6950\/revisions"}],"predecessor-version":[{"id":7867,"href":"https:\/\/dondalations.com\/es\/wp-json\/wp\/v2\/pages\/6950\/revisions\/7867"}],"wp:attachment":[{"href":"https:\/\/dondalations.com\/es\/wp-json\/wp\/v2\/media?parent=6950"}],"curies":[{"name":"wp","href":"https:\/\/api.w.org\/{rel}","templated":true}]}}