{"id":6915,"date":"2022-01-05T22:23:50","date_gmt":"2022-01-05T22:23:50","guid":{"rendered":"https:\/\/dondalations.com\/chi-sono\/"},"modified":"2023-07-20T09:58:33","modified_gmt":"2023-07-20T09:58:33","slug":"sobre-mi","status":"publish","type":"page","link":"https:\/\/dondalations.com\/es\/sobre-mi\/","title":{"rendered":"\u00bfQui\u00e9n soy?"},"content":{"rendered":"\t\t<div data-elementor-type=\"wp-page\" data-elementor-id=\"6915\" class=\"elementor elementor-6915 elementor-383\">\n\t\t\t\t\t\t<section class=\"elementor-section elementor-top-section elementor-element elementor-element-86a48c1 elementor-section-boxed elementor-section-height-default elementor-section-height-default marketum_parallax_no\" data-id=\"86a48c1\" data-element_type=\"section\" data-e-type=\"section\">\n\t\t\t\t\t\t<div class=\"elementor-container elementor-column-gap-default\">\n\t\t\t\t\t<div class=\"elementor-column elementor-col-100 elementor-top-column elementor-element elementor-element-a45dc3a\" data-id=\"a45dc3a\" data-element_type=\"column\" data-e-type=\"column\">\n\t\t\t<div class=\"elementor-widget-wrap elementor-element-populated\">\n\t\t\t\t\t\t<div class=\"elementor-element elementor-element-ad3b8a1 elementor-invisible elementor-widget elementor-widget-heading\" data-id=\"ad3b8a1\" data-element_type=\"widget\" data-e-type=\"widget\" data-settings=\"{&quot;_animation&quot;:&quot;fadeInUp&quot;,&quot;_animation_delay&quot;:400}\" data-widget_type=\"heading.default\">\n\t\t\t\t<div class=\"elementor-widget-container\">\n\t\t\t\t\t<h1 class=\"elementor-heading-title elementor-size-default\">Sobre m\u00ed<\/h1>\t\t\t\t<\/div>\n\t\t\t\t<\/div>\n\t\t\t\t\t<\/div>\n\t\t<\/div>\n\t\t\t\t\t<\/div>\n\t\t<\/section>\n\t\t\t\t<section class=\"elementor-section elementor-top-section elementor-element elementor-element-7b622c5 elementor-section-boxed elementor-section-height-default elementor-section-height-default marketum_parallax_no\" data-id=\"7b622c5\" data-element_type=\"section\" data-e-type=\"section\">\n\t\t\t\t\t\t<div class=\"elementor-container elementor-column-gap-default\">\n\t\t\t\t\t<div class=\"elementor-column elementor-col-50 elementor-top-column elementor-element elementor-element-3b04d4e\" data-id=\"3b04d4e\" data-element_type=\"column\" data-e-type=\"column\">\n\t\t\t<div class=\"elementor-widget-wrap elementor-element-populated\">\n\t\t\t\t\t\t<div class=\"elementor-element elementor-element-f27341d elementor-widget elementor-widget-image\" data-id=\"f27341d\" data-element_type=\"widget\" data-e-type=\"widget\" data-widget_type=\"image.default\">\n\t\t\t\t<div class=\"elementor-widget-container\">\n\t\t\t\t\t\t\t\t\t\t\t\t\t\t\t<img fetchpriority=\"high\" decoding=\"async\" width=\"1400\" height=\"1594\" src=\"https:\/\/dondalations.com\/wp-content\/uploads\/2023\/05\/00michela-doribarranco-baja-1.webp\" class=\"attachment-full size-full wp-image-6771\" alt=\"\" srcset=\"https:\/\/dondalations.com\/wp-content\/uploads\/2023\/05\/00michela-doribarranco-baja-1.webp 1400w, https:\/\/dondalations.com\/wp-content\/uploads\/2023\/05\/00michela-doribarranco-baja-1-263x300.webp 263w, https:\/\/dondalations.com\/wp-content\/uploads\/2023\/05\/00michela-doribarranco-baja-1-899x1024.webp 899w, https:\/\/dondalations.com\/wp-content\/uploads\/2023\/05\/00michela-doribarranco-baja-1-768x874.webp 768w, https:\/\/dondalations.com\/wp-content\/uploads\/2023\/05\/00michela-doribarranco-baja-1-1349x1536.webp 1349w\" sizes=\"(max-width: 1400px) 100vw, 1400px\" \/>\t\t\t\t\t\t\t\t\t\t\t\t\t\t\t<\/div>\n\t\t\t\t<\/div>\n\t\t\t\t\t<\/div>\n\t\t<\/div>\n\t\t\t\t<div class=\"elementor-column elementor-col-50 elementor-top-column elementor-element elementor-element-6094038\" data-id=\"6094038\" data-element_type=\"column\" data-e-type=\"column\" data-settings=\"{&quot;background_background&quot;:&quot;classic&quot;}\">\n\t\t\t<div class=\"elementor-widget-wrap elementor-element-populated\">\n\t\t\t\t\t\t<div class=\"elementor-element elementor-element-9e1739e elementor-widget elementor-widget-marketum_heading\" data-id=\"9e1739e\" data-element_type=\"widget\" data-e-type=\"widget\" data-widget_type=\"marketum_heading.default\">\n\t\t\t\t<div class=\"elementor-widget-container\">\n\t\t\t\t\t\n        <div class=\"marketum_heading_widget\">\n                                <h2 class=\"marketum_heading\">\n                        Soy <span class=\"font-hw font-color\">Michela Donda<\/span>                    <\/h2>\n                            <\/div>\n        \t\t\t\t<\/div>\n\t\t\t\t<\/div>\n\t\t\t\t<div class=\"elementor-element elementor-element-49004b5 elementor-widget elementor-widget-text-editor\" data-id=\"49004b5\" data-element_type=\"widget\" data-e-type=\"widget\" data-widget_type=\"text-editor.default\">\n\t\t\t\t<div class=\"elementor-widget-container\">\n\t\t\t\t\t\t\t\t\t<p lang=\"it-IT\">Friulana trasplantada en Barcelona. Me gusta ayudar a la gente que, como yo, tiene un negocio que desea dar a conocer con \u00e9xito con su p\u00fablico italiano. Si pudieras asomarte a mi oficina, me encontrar\u00edas rodeada por blocs de notas y glosarios, inmersa en una traducci\u00f3n o correcci\u00f3n. O entre las plantas de mi balc\u00f3n, buscando inspiraci\u00f3n para redactar textos publicitarios. En cualquier caso, siempre centrada en un objetivo: proporcionar textos que den en el blanco con un mensaje claro, que reflejen tu esencia y a la vez sean fieles a tu marca.<\/p>\t\t\t\t\t\t\t\t<\/div>\n\t\t\t\t<\/div>\n\t\t\t\t\t<\/div>\n\t\t<\/div>\n\t\t\t\t\t<\/div>\n\t\t<\/section>\n\t\t\t\t<section class=\"elementor-section elementor-top-section elementor-element elementor-element-123d9e8 elementor-reverse-mobile elementor-section-boxed elementor-section-height-default elementor-section-height-default marketum_parallax_no\" data-id=\"123d9e8\" data-element_type=\"section\" data-e-type=\"section\">\n\t\t\t\t\t\t<div class=\"elementor-container elementor-column-gap-default\">\n\t\t\t\t\t<div class=\"elementor-column elementor-col-50 elementor-top-column elementor-element elementor-element-e07d5b1\" data-id=\"e07d5b1\" data-element_type=\"column\" data-e-type=\"column\" data-settings=\"{&quot;background_background&quot;:&quot;classic&quot;}\">\n\t\t\t<div class=\"elementor-widget-wrap elementor-element-populated\">\n\t\t\t\t\t\t<div class=\"elementor-element elementor-element-0ac3856 elementor-widget elementor-widget-text-editor\" data-id=\"0ac3856\" data-element_type=\"widget\" data-e-type=\"widget\" data-widget_type=\"text-editor.default\">\n\t\t\t\t<div class=\"elementor-widget-container\">\n\t\t\t\t\t\t\t\t\t<p>Me gusta trabajar para profesionales aut\u00f3nomos como yo, emprendedores, y como no, para las peque\u00f1as y grandes empresas. Me encanta conocer a las personas que hay detr\u00e1s de una marca, descubrir la pasi\u00f3n que hay detr\u00e1s de un negocio. Trabajar mano a mano con quienes saben valorar el gran trabajo que supone traducir o crear un texto.<\/p><p>Estoy convencida de que una escucha atenta y una comunicaci\u00f3n clara y directa forman la base del \u00e9xito de nuestra colaboraci\u00f3n. Me gusta dedicarme a tu proyecto como si fuera m\u00edo y contribuir al crecimiento de tu marca mediante textos transparentes y atractivos.<\/p>\t\t\t\t\t\t\t\t<\/div>\n\t\t\t\t<\/div>\n\t\t\t\t<div class=\"elementor-element elementor-element-7f520eb elementor-widget elementor-widget-marketum_button\" data-id=\"7f520eb\" data-element_type=\"widget\" data-e-type=\"widget\" data-widget_type=\"marketum_button.default\">\n\t\t\t\t<div class=\"elementor-widget-container\">\n\t\t\t\t\t\n        <div class=\"marketum_button_widget\">\n            <div class=\"marketum_button_container\">\n                <a class=\"marketum_button marketum_button--primary \" href=\"https:\/\/dondalations.com\/es\/contacto\/\" target=\"_blank\">\n                    <span>Trabajemos juntos<\/span>\n                <\/a>\n            <\/div>\n        <\/div>\n        \t\t\t\t<\/div>\n\t\t\t\t<\/div>\n\t\t\t\t\t<\/div>\n\t\t<\/div>\n\t\t\t\t<div class=\"elementor-column elementor-col-50 elementor-top-column elementor-element elementor-element-9a84bd8\" data-id=\"9a84bd8\" data-element_type=\"column\" data-e-type=\"column\" data-settings=\"{&quot;background_background&quot;:&quot;classic&quot;}\">\n\t\t\t<div class=\"elementor-widget-wrap elementor-element-populated\">\n\t\t\t\t\t\t<div class=\"elementor-element elementor-element-3d93337 elementor-widget elementor-widget-spacer\" data-id=\"3d93337\" data-element_type=\"widget\" data-e-type=\"widget\" data-widget_type=\"spacer.default\">\n\t\t\t\t<div class=\"elementor-widget-container\">\n\t\t\t\t\t\t\t<div class=\"elementor-spacer\">\n\t\t\t<div class=\"elementor-spacer-inner\"><\/div>\n\t\t<\/div>\n\t\t\t\t\t\t<\/div>\n\t\t\t\t<\/div>\n\t\t\t\t\t<\/div>\n\t\t<\/div>\n\t\t\t\t\t<\/div>\n\t\t<\/section>\n\t\t\t\t<section class=\"elementor-section elementor-top-section elementor-element elementor-element-7d60b106 elementor-section-boxed elementor-section-height-default elementor-section-height-default marketum_parallax_no\" data-id=\"7d60b106\" data-element_type=\"section\" data-e-type=\"section\">\n\t\t\t\t\t\t<div class=\"elementor-container elementor-column-gap-wide\">\n\t\t\t\t\t<div class=\"elementor-column elementor-col-50 elementor-top-column elementor-element elementor-element-629c1e59\" data-id=\"629c1e59\" data-element_type=\"column\" data-e-type=\"column\" data-settings=\"{&quot;animation&quot;:&quot;none&quot;,&quot;animation_tablet&quot;:&quot;none&quot;}\">\n\t\t\t<div class=\"elementor-widget-wrap elementor-element-populated\">\n\t\t\t\t\t\t<div class=\"elementor-element elementor-element-19324613 elementor-widget elementor-widget-marketum_heading\" data-id=\"19324613\" data-element_type=\"widget\" data-e-type=\"widget\" data-widget_type=\"marketum_heading.default\">\n\t\t\t\t<div class=\"elementor-widget-container\">\n\t\t\t\t\t\n        <div class=\"marketum_heading_widget\">\n                                <h2 class=\"marketum_heading\">\n                        Mi <span class=\"font-hw font-color\">misi\u00f3n<\/span>                    <\/h2>\n                            <\/div>\n        \t\t\t\t<\/div>\n\t\t\t\t<\/div>\n\t\t\t\t\t<\/div>\n\t\t<\/div>\n\t\t\t\t<div class=\"elementor-column elementor-col-50 elementor-top-column elementor-element elementor-element-2971084a\" data-id=\"2971084a\" data-element_type=\"column\" data-e-type=\"column\" data-settings=\"{&quot;animation&quot;:&quot;none&quot;,&quot;animation_tablet&quot;:&quot;none&quot;}\">\n\t\t\t<div class=\"elementor-widget-wrap elementor-element-populated\">\n\t\t\t\t\t\t<div class=\"elementor-element elementor-element-9deb020 elementor-widget elementor-widget-text-editor\" data-id=\"9deb020\" data-element_type=\"widget\" data-e-type=\"widget\" data-widget_type=\"text-editor.default\">\n\t\t\t\t<div class=\"elementor-widget-container\">\n\t\t\t\t\t\t\t\t\t<p>Mi misi\u00f3n es ofrecerte <strong>contenidos que mejoren tu visibilidad, la reputaci\u00f3n de tu marca, y tu negocio<\/strong> a trav\u00e9s de servicios profesionales de <a href=\"https:\/\/dondalations.com\/es\/traduccion-al-italiano\/\">traducci\u00f3n<\/a> y <a href=\"https:\/\/dondalations.com\/es\/correccion-de-textos-en-italiano\/\">correcci\u00f3n<\/a> alem\u00e1n-italiano, ingl\u00e9s-italiano y espa\u00f1ol-italiano adem\u00e1s de la <a href=\"https:\/\/dondalations.com\/es\/redaccion-publicitaria-y-de-contenidos\/\">redacci\u00f3n de textos<\/a> en italiano.<\/p><p>Para ello, llevo 15 a\u00f1os poniendo sumo cuidado y precisi\u00f3n en cada proyecto. Me mantengo informada sobre los temas de mis <a href=\"https:\/\/dondalations.com\/es\/mis-especialidades\/\">especializaciones<\/a>, estudio marketing y UX Writing. Sigo form\u00e1ndome en copywriting para asegurarme de hacer destacar la voz de tu marca con textos in\u00e9ditos. Me entreno traduciendo textos t\u00e9cnicos y contenidos m\u00e1s creativos, a la vez que perfecciono mis habilidades de b\u00fasqueda de t\u00e9rminos especializados. Utilizo las \u00faltimas versiones de los principales programas de traducci\u00f3n asistida y herramientas de control de calidad, como SDL Trados Studio, STAR Transit NXT, Across y Xbench, para mantener la coherencia terminol\u00f3gica de los textos y garantizar un resultado profesional.<\/p><p>Todo esto se traduce en <strong>textos eficaces que te permiten alcanzar tu objetivo<\/strong>, ya sea el de informar y crear relaciones de confianza con tus clientes o empatizar con tu p\u00fablico objetivo y promocionar tu negocio, siendo por lo tanto <strong>una inversi\u00f3n futura para tus actividades<\/strong>.<\/p>\t\t\t\t\t\t\t\t<\/div>\n\t\t\t\t<\/div>\n\t\t\t\t\t<\/div>\n\t\t<\/div>\n\t\t\t\t\t<\/div>\n\t\t<\/section>\n\t\t\t\t<section class=\"elementor-section elementor-top-section elementor-element elementor-element-15ae189 elementor-section-boxed elementor-section-height-default elementor-section-height-default marketum_parallax_no\" data-id=\"15ae189\" data-element_type=\"section\" data-e-type=\"section\">\n\t\t\t\t\t\t<div class=\"elementor-container elementor-column-gap-wide\">\n\t\t\t\t\t<div class=\"elementor-column elementor-col-50 elementor-top-column elementor-element elementor-element-20d6486\" data-id=\"20d6486\" data-element_type=\"column\" data-e-type=\"column\" data-settings=\"{&quot;animation&quot;:&quot;none&quot;,&quot;animation_tablet&quot;:&quot;none&quot;}\">\n\t\t\t<div class=\"elementor-widget-wrap elementor-element-populated\">\n\t\t\t\t\t\t<div class=\"elementor-element elementor-element-f625b52 elementor-widget elementor-widget-marketum_heading\" data-id=\"f625b52\" data-element_type=\"widget\" data-e-type=\"widget\" data-widget_type=\"marketum_heading.default\">\n\t\t\t\t<div class=\"elementor-widget-container\">\n\t\t\t\t\t\n        <div class=\"marketum_heading_widget\">\n                                <h2 class=\"marketum_heading\">\n                        Mi \n<span class=\"font-hw font-color\">historia<\/span>                    <\/h2>\n                            <\/div>\n        \t\t\t\t<\/div>\n\t\t\t\t<\/div>\n\t\t\t\t\t<\/div>\n\t\t<\/div>\n\t\t\t\t<div class=\"elementor-column elementor-col-50 elementor-top-column elementor-element elementor-element-10d153f\" data-id=\"10d153f\" data-element_type=\"column\" data-e-type=\"column\" data-settings=\"{&quot;animation&quot;:&quot;none&quot;,&quot;animation_tablet&quot;:&quot;none&quot;}\">\n\t\t\t<div class=\"elementor-widget-wrap elementor-element-populated\">\n\t\t\t\t\t\t<div class=\"elementor-element elementor-element-83d557f elementor-widget elementor-widget-text-editor\" data-id=\"83d557f\" data-element_type=\"widget\" data-e-type=\"widget\" data-widget_type=\"text-editor.default\">\n\t\t\t\t<div class=\"elementor-widget-container\">\n\t\t\t\t\t\t\t\t\t<p>Mis or\u00edgenes se remontan a una tierra fronteriza, donde el italiano, el friulano, el esloveno y el alem\u00e1n se encuentran de forma natural: no hace falta decir que siempre me apasionaron los idiomas. Lo que quiero decir es que como pasatiempos, puedo elegir un curso de dan\u00e9s o turco, s\u00f3lo por el placer de descubrir un nuevo mundo ling\u00fc\u00edstico. Esta curiosidad me llev\u00f3 a estudiar <strong>traducci\u00f3n literaria y t\u00e9cnico-cient\u00edfica<\/strong> en la Universidad de Trieste y luego a vivir durante periodos m\u00e1s o menos largos en distintas ciudades del mundo como: Viena, Berl\u00edn, Leeds, Lisboa, Recife y Hamburgo. En esta bella ciudad hanse\u00e1tica trabaj\u00e9 en una agencia de traducci\u00f3n donde asent\u00e9 las bases de mi negocio de traducci\u00f3n freelance, que lanc\u00e9 a\u00f1os m\u00e1s tarde en Barcelona. En la actualidad todav\u00eda puedes encontrarme en la Ciudad Condal para hablar de tus proyectos tomando una taza de caf\u00e9. Ser\u00e1 todo un placer ayudarte como traductora, correctora y redactora.<\/p>\t\t\t\t\t\t\t\t<\/div>\n\t\t\t\t<\/div>\n\t\t\t\t\t<\/div>\n\t\t<\/div>\n\t\t\t\t\t<\/div>\n\t\t<\/section>\n\t\t\t\t<section class=\"elementor-section elementor-top-section elementor-element elementor-element-f4c3cbc elementor-section-boxed elementor-section-height-default elementor-section-height-default marketum_parallax_no\" data-id=\"f4c3cbc\" data-element_type=\"section\" data-e-type=\"section\">\n\t\t\t\t\t\t<div class=\"elementor-container elementor-column-gap-wide\">\n\t\t\t\t\t<div class=\"elementor-column elementor-col-50 elementor-top-column elementor-element elementor-element-19e3a18\" data-id=\"19e3a18\" data-element_type=\"column\" data-e-type=\"column\" data-settings=\"{&quot;animation&quot;:&quot;none&quot;,&quot;animation_tablet&quot;:&quot;none&quot;}\">\n\t\t\t<div class=\"elementor-widget-wrap elementor-element-populated\">\n\t\t\t\t\t\t<div class=\"elementor-element elementor-element-05af6c7 elementor-widget elementor-widget-marketum_heading\" data-id=\"05af6c7\" data-element_type=\"widget\" data-e-type=\"widget\" data-widget_type=\"marketum_heading.default\">\n\t\t\t\t<div class=\"elementor-widget-container\">\n\t\t\t\t\t\n        <div class=\"marketum_heading_widget\">\n                                <h2 class=\"marketum_heading\">\n                        Qu\u00e9 sucede entre <span class=\"font-hw font-color\">bastidores<\/span>                    <\/h2>\n                            <\/div>\n        \t\t\t\t<\/div>\n\t\t\t\t<\/div>\n\t\t\t\t\t<\/div>\n\t\t<\/div>\n\t\t\t\t<div class=\"elementor-column elementor-col-50 elementor-top-column elementor-element elementor-element-2b3808e\" data-id=\"2b3808e\" data-element_type=\"column\" data-e-type=\"column\" data-settings=\"{&quot;animation&quot;:&quot;none&quot;,&quot;animation_tablet&quot;:&quot;none&quot;}\">\n\t\t\t<div class=\"elementor-widget-wrap elementor-element-populated\">\n\t\t\t\t\t\t<div class=\"elementor-element elementor-element-62490fc elementor-widget elementor-widget-text-editor\" data-id=\"62490fc\" data-element_type=\"widget\" data-e-type=\"widget\" data-widget_type=\"text-editor.default\">\n\t\t\t\t<div class=\"elementor-widget-container\">\n\t\t\t\t\t\t\t\t\t<p>Cuando no estoy traduciendo, me dedico a las artes marciales o a la danza en todas sus variantes. Escucho canciones de rock y sonatas. Doy rienda suelta a mi esp\u00edritu viajero escapando de la ciudad en furgoneta con mi familia, en busca de bellos paisajes y un rinconcito de la naturaleza para nosotros solos.<\/p><p>Acompa\u00f1o a familias como <a href=\"https:\/\/deacrescente.com\/\" target=\"_blank\" rel=\"noopener\">doula y asesora de lactancia<\/a>: un camino que me apasiona y me llena el coraz\u00f3n. Me gusta aprender cosas nuevas; no s\u00f3lo por trabajo, sino tambi\u00e9n para ponerme a prueba y poder recordarme a m\u00ed misma qui\u00e9n me oblig\u00f3 a hacerlo. Sin embargo, de cada experiencia extraigo valiosas lecciones para mi pr\u00f3ximo proyecto.<\/p>\t\t\t\t\t\t\t\t<\/div>\n\t\t\t\t<\/div>\n\t\t\t\t\t<\/div>\n\t\t<\/div>\n\t\t\t\t\t<\/div>\n\t\t<\/section>\n\t\t\t\t<section class=\"elementor-section elementor-top-section elementor-element elementor-element-8af648c elementor-section-boxed elementor-section-height-default elementor-section-height-default marketum_parallax_no\" data-id=\"8af648c\" data-element_type=\"section\" data-e-type=\"section\">\n\t\t\t\t\t\t<div class=\"elementor-container elementor-column-gap-default\">\n\t\t\t\t\t<div class=\"elementor-column elementor-col-100 elementor-top-column elementor-element elementor-element-4ff6cac\" data-id=\"4ff6cac\" data-element_type=\"column\" data-e-type=\"column\">\n\t\t\t<div class=\"elementor-widget-wrap elementor-element-populated\">\n\t\t\t\t\t\t<div class=\"elementor-element elementor-element-5c20c52 elementor-widget elementor-widget-marketum_button\" data-id=\"5c20c52\" data-element_type=\"widget\" data-e-type=\"widget\" data-widget_type=\"marketum_button.default\">\n\t\t\t\t<div class=\"elementor-widget-container\">\n\t\t\t\t\t\n        <div class=\"marketum_button_widget\">\n            <div class=\"marketum_button_container\">\n                <a class=\"marketum_button marketum_button--primary \" href=\"https:\/\/dondalations.com\/es\/contacto\/\" target=\"_blank\">\n                    <span>\u00a1Colaboremos!<\/span>\n                <\/a>\n            <\/div>\n        <\/div>\n        \t\t\t\t<\/div>\n\t\t\t\t<\/div>\n\t\t\t\t\t<\/div>\n\t\t<\/div>\n\t\t\t\t\t<\/div>\n\t\t<\/section>\n\t\t\t\t<\/div>\n\t\t","protected":false},"excerpt":{"rendered":"<p>Sobre m\u00ed Friulana trasplantada en Barcelona. Me gusta ayudar a la gente que, como yo, tiene un negocio que desea dar a conocer con \u00e9xito con su p\u00fablico italiano. Si pudieras asomarte a mi oficina, me encontrar\u00edas rodeada por blocs de notas y glosarios, inmersa en una traducci\u00f3n o correcci\u00f3n. O entre las plantas de [&hellip;]<\/p>\n","protected":false},"author":1,"featured_media":0,"parent":0,"menu_order":0,"comment_status":"closed","ping_status":"closed","template":"","meta":{"_joinchat":[],"footnotes":""},"class_list":["post-6915","page","type-page","status-publish","hentry"],"_links":{"self":[{"href":"https:\/\/dondalations.com\/es\/wp-json\/wp\/v2\/pages\/6915","targetHints":{"allow":["GET"]}}],"collection":[{"href":"https:\/\/dondalations.com\/es\/wp-json\/wp\/v2\/pages"}],"about":[{"href":"https:\/\/dondalations.com\/es\/wp-json\/wp\/v2\/types\/page"}],"author":[{"embeddable":true,"href":"https:\/\/dondalations.com\/es\/wp-json\/wp\/v2\/users\/1"}],"replies":[{"embeddable":true,"href":"https:\/\/dondalations.com\/es\/wp-json\/wp\/v2\/comments?post=6915"}],"version-history":[{"count":20,"href":"https:\/\/dondalations.com\/es\/wp-json\/wp\/v2\/pages\/6915\/revisions"}],"predecessor-version":[{"id":7870,"href":"https:\/\/dondalations.com\/es\/wp-json\/wp\/v2\/pages\/6915\/revisions\/7870"}],"wp:attachment":[{"href":"https:\/\/dondalations.com\/es\/wp-json\/wp\/v2\/media?parent=6915"}],"curies":[{"name":"wp","href":"https:\/\/api.w.org\/{rel}","templated":true}]}}