{"id":7198,"date":"2022-01-05T01:50:00","date_gmt":"2022-01-05T01:50:00","guid":{"rendered":"https:\/\/dondalations.com\/contact\/"},"modified":"2024-01-15T13:52:59","modified_gmt":"2024-01-15T13:52:59","slug":"kontakt","status":"publish","type":"page","link":"https:\/\/dondalations.com\/de\/kontakt\/","title":{"rendered":"Kontakt"},"content":{"rendered":"\t\t<div data-elementor-type=\"wp-page\" data-elementor-id=\"7198\" class=\"elementor elementor-7198 elementor-234\">\n\t\t\t\t\t\t<section class=\"elementor-section elementor-top-section elementor-element elementor-element-7cca4fe7 elementor-section-stretched elementor-reverse-mobile elementor-section-boxed elementor-section-height-default elementor-section-height-default marketum_parallax_no\" data-id=\"7cca4fe7\" data-element_type=\"section\" data-e-type=\"section\" data-settings=\"{&quot;stretch_section&quot;:&quot;section-stretched&quot;,&quot;background_background&quot;:&quot;classic&quot;}\">\n\t\t\t\t\t\t<div class=\"elementor-container elementor-column-gap-default\">\n\t\t\t\t\t<div class=\"elementor-column elementor-col-50 elementor-top-column elementor-element elementor-element-1e3c91bc\" data-id=\"1e3c91bc\" data-element_type=\"column\" data-e-type=\"column\">\n\t\t\t<div class=\"elementor-widget-wrap elementor-element-populated\">\n\t\t\t\t\t\t<div class=\"elementor-element elementor-element-7fabdc5a elementor-widget elementor-widget-marketum_heading\" data-id=\"7fabdc5a\" data-element_type=\"widget\" data-e-type=\"widget\" data-widget_type=\"marketum_heading.default\">\n\t\t\t\t<div class=\"elementor-widget-container\">\n\t\t\t\t\t\n        <div class=\"marketum_heading_widget\">\n                                <h2 class=\"marketum_heading\">\n                        Danke, dass du hier bist: Was kann ich f\u00fcr dich tun?                    <\/h2>\n                            <\/div>\n        \t\t\t\t<\/div>\n\t\t\t\t<\/div>\n\t\t\t\t<div class=\"elementor-element elementor-element-20714f00 kontakt elementor-widget elementor-widget-text-editor\" data-id=\"20714f00\" data-element_type=\"widget\" data-e-type=\"widget\" data-widget_type=\"text-editor.default\">\n\t\t\t\t<div class=\"elementor-widget-container\">\n\t\t\t\t\t\t\t\t\t<p>M\u00f6chtest du mich mit der <a href=\"https:\/\/dondalations.com\/de\/uebersetzungen-ins-italienische\/\">\u00dcbersetzung<\/a> eines technischen oder kreativen Textes beauftragen? Ben\u00f6tigst du ein <a href=\"https:\/\/dondalations.com\/de\/lektorat-deiner-italienischen-texte\/\">Lektorat<\/a>? M\u00f6chtest du, dass ich f\u00fcr dich <a href=\"https:\/\/dondalations.com\/de\/copywriting-und-content-writing\/\">Texte f\u00fcr deine Webseite oder deinen Newsletter schreibe<\/a>? M\u00f6chtest du ein Angebot erhalten oder mehr \u00fcber meine Dienstleistungen erfahren?<\/p><p>Kontaktiere mich \u00fcber dieses Formular, schicke mir eine E-Mail oder ruf mich an. Ich werde mich so schnell wie m\u00f6glich mit dir in Verbindung setzen und dir alle erforderlichen Informationen sowie die Einzelheiten f\u00fcr ein virtuelles oder pers\u00f6nliches Treffen mitteilen. Es w\u00e4re mir ein Vergn\u00fcgen, dich bei einem Anruf oder vielleicht in einem Caf\u00e9 in Barcelona zu treffen.<\/p>\t\t\t\t\t\t\t\t<\/div>\n\t\t\t\t<\/div>\n\t\t\t\t<section class=\"elementor-section elementor-inner-section elementor-element elementor-element-17844b97 elementor-section-boxed elementor-section-height-default elementor-section-height-default marketum_parallax_no\" data-id=\"17844b97\" data-element_type=\"section\" data-e-type=\"section\">\n\t\t\t\t\t\t<div class=\"elementor-container elementor-column-gap-default\">\n\t\t\t\t\t<div class=\"elementor-column elementor-col-100 elementor-inner-column elementor-element elementor-element-5e588804\" data-id=\"5e588804\" data-element_type=\"column\" data-e-type=\"column\">\n\t\t\t<div class=\"elementor-widget-wrap elementor-element-populated\">\n\t\t\t\t\t\t<div class=\"elementor-element elementor-element-2b27f6c2 elementor-widget elementor-widget-marketum_contacts\" data-id=\"2b27f6c2\" data-element_type=\"widget\" data-e-type=\"widget\" data-widget_type=\"marketum_contacts.default\">\n\t\t\t\t<div class=\"elementor-widget-container\">\n\t\t\t\t\t\n        <div class=\"marketum_contacts_widget\">\n            <div class=\"marketum_contacts_wrapper\">\n                                    <h4 class=\"marketum_contacts_title\">E-Mail<\/h4>\n                    \n                <div class=\"marketum_contacts_details\">\n                                            <p class=\"marketum_contacts_email\">\n                            <span><\/span>\n                            <a href=\"mailto:info@dondalations.com\t\">info@dondalations.com\t<\/a>\n                        <\/p>\n                                        <\/div>\n            <\/div>\n        <\/div>\n\n        \t\t\t\t<\/div>\n\t\t\t\t<\/div>\n\t\t\t\t<div class=\"elementor-element elementor-element-6df2be42 elementor-widget elementor-widget-marketum_contacts\" data-id=\"6df2be42\" data-element_type=\"widget\" data-e-type=\"widget\" data-widget_type=\"marketum_contacts.default\">\n\t\t\t\t<div class=\"elementor-widget-container\">\n\t\t\t\t\t\n        <div class=\"marketum_contacts_widget\">\n            <div class=\"marketum_contacts_wrapper\">\n                                    <h4 class=\"marketum_contacts_title\">Tel.<\/h4>\n                    \n                <div class=\"marketum_contacts_details\">\n                                    <\/div>\n            <\/div>\n        <\/div>\n\n        \t\t\t\t<\/div>\n\t\t\t\t<\/div>\n\t\t\t\t<div class=\"elementor-element elementor-element-16872d0 elementor-widget elementor-widget-text-editor\" data-id=\"16872d0\" data-element_type=\"widget\" data-e-type=\"widget\" data-widget_type=\"text-editor.default\">\n\t\t\t\t<div class=\"elementor-widget-container\">\n\t\t\t\t\t\t\t\t\t<p><a href=\"tel:+34634599936\">+34 634599936<\/a><\/p>\t\t\t\t\t\t\t\t<\/div>\n\t\t\t\t<\/div>\n\t\t\t\t<div class=\"elementor-element elementor-element-c1bfcd4 elementor-widget elementor-widget-heading\" data-id=\"c1bfcd4\" data-element_type=\"widget\" data-e-type=\"widget\" data-widget_type=\"heading.default\">\n\t\t\t\t<div class=\"elementor-widget-container\">\n\t\t\t\t\t<h4 class=\"elementor-heading-title elementor-size-default\">Kontaktformular<\/h4>\t\t\t\t<\/div>\n\t\t\t\t<\/div>\n\t\t\t\t<div class=\"elementor-element elementor-element-aa6a15c elementor-widget elementor-widget-text-editor\" data-id=\"aa6a15c\" data-element_type=\"widget\" data-e-type=\"widget\" data-widget_type=\"text-editor.default\">\n\t\t\t\t<div class=\"elementor-widget-container\">\n\t\t\t\t\t\t\t\t\t<p><a href=\"#contact-form\">Schreibe mich an \u2193<\/a><\/p>\t\t\t\t\t\t\t\t<\/div>\n\t\t\t\t<\/div>\n\t\t\t\t\t<\/div>\n\t\t<\/div>\n\t\t\t\t\t<\/div>\n\t\t<\/section>\n\t\t\t\t\t<\/div>\n\t\t<\/div>\n\t\t\t\t<div class=\"elementor-column elementor-col-50 elementor-top-column elementor-element elementor-element-677890be\" data-id=\"677890be\" data-element_type=\"column\" data-e-type=\"column\">\n\t\t\t<div class=\"elementor-widget-wrap elementor-element-populated\">\n\t\t\t\t\t\t<div class=\"elementor-element elementor-element-6996fc2 elementor-widget elementor-widget-image\" data-id=\"6996fc2\" data-element_type=\"widget\" data-e-type=\"widget\" data-widget_type=\"image.default\">\n\t\t\t\t<div class=\"elementor-widget-container\">\n\t\t\t\t\t\t\t\t\t\t\t\t\t\t\t<img fetchpriority=\"high\" decoding=\"async\" width=\"824\" height=\"1024\" src=\"https:\/\/dondalations.com\/wp-content\/uploads\/2023\/05\/19michela-doribarranco-baja-1-824x1024.webp\" class=\"attachment-large size-large wp-image-6779\" alt=\"\" srcset=\"https:\/\/dondalations.com\/wp-content\/uploads\/2023\/05\/19michela-doribarranco-baja-1-824x1024.webp 824w, https:\/\/dondalations.com\/wp-content\/uploads\/2023\/05\/19michela-doribarranco-baja-1-241x300.webp 241w, https:\/\/dondalations.com\/wp-content\/uploads\/2023\/05\/19michela-doribarranco-baja-1-768x955.webp 768w, https:\/\/dondalations.com\/wp-content\/uploads\/2023\/05\/19michela-doribarranco-baja-1-1236x1536.webp 1236w, https:\/\/dondalations.com\/wp-content\/uploads\/2023\/05\/19michela-doribarranco-baja-1.webp 1400w\" sizes=\"(max-width: 824px) 100vw, 824px\" \/>\t\t\t\t\t\t\t\t\t\t\t\t\t\t\t<\/div>\n\t\t\t\t<\/div>\n\t\t\t\t\t<\/div>\n\t\t<\/div>\n\t\t\t\t\t<\/div>\n\t\t<\/section>\n\t\t\t\t<section class=\"elementor-section elementor-top-section elementor-element elementor-element-0e137f9 elementor-section-stretched elementor-section-boxed elementor-section-height-default elementor-section-height-default marketum_parallax_no\" data-id=\"0e137f9\" data-element_type=\"section\" data-e-type=\"section\" id=\"contact-form\" data-settings=\"{&quot;stretch_section&quot;:&quot;section-stretched&quot;,&quot;background_background&quot;:&quot;classic&quot;}\">\n\t\t\t\t\t\t<div class=\"elementor-container elementor-column-gap-default\">\n\t\t\t\t\t<div class=\"elementor-column elementor-col-100 elementor-top-column elementor-element elementor-element-ccc18f6\" data-id=\"ccc18f6\" data-element_type=\"column\" data-e-type=\"column\">\n\t\t\t<div class=\"elementor-widget-wrap elementor-element-populated\">\n\t\t\t\t\t\t<section class=\"elementor-section elementor-inner-section elementor-element elementor-element-bb9ec01 elementor-section-boxed elementor-section-height-default elementor-section-height-default marketum_parallax_no\" data-id=\"bb9ec01\" data-element_type=\"section\" data-e-type=\"section\" data-settings=\"{&quot;background_background&quot;:&quot;classic&quot;}\">\n\t\t\t\t\t\t<div class=\"elementor-container elementor-column-gap-default\">\n\t\t\t\t\t<div class=\"elementor-column elementor-col-100 elementor-inner-column elementor-element elementor-element-2e71437\" data-id=\"2e71437\" data-element_type=\"column\" data-e-type=\"column\">\n\t\t\t<div class=\"elementor-widget-wrap elementor-element-populated\">\n\t\t\t\t\t\t<div class=\"elementor-element elementor-element-8afeda5 elementor-widget elementor-widget-shortcode\" data-id=\"8afeda5\" data-element_type=\"widget\" data-e-type=\"widget\" data-widget_type=\"shortcode.default\">\n\t\t\t\t<div class=\"elementor-widget-container\">\n\t\t\t\t\t\t\t<div class=\"elementor-shortcode\">\n<div class=\"wpcf7 no-js\" id=\"wpcf7-f7171-o1\" lang=\"de-DE\" dir=\"ltr\" data-wpcf7-id=\"7171\">\n<div class=\"screen-reader-response\"><p role=\"status\" aria-live=\"polite\" aria-atomic=\"true\"><\/p> <ul><\/ul><\/div>\n<form action=\"\/de\/wp-json\/wp\/v2\/pages\/7198#wpcf7-f7171-o1\" method=\"post\" class=\"wpcf7-form init\" aria-label=\"Kontaktformular\" novalidate=\"novalidate\" data-status=\"init\">\n<fieldset class=\"hidden-fields-container\"><input type=\"hidden\" name=\"_wpcf7\" value=\"7171\" \/><input type=\"hidden\" name=\"_wpcf7_version\" value=\"6.1.5\" \/><input type=\"hidden\" name=\"_wpcf7_locale\" value=\"de_DE\" \/><input type=\"hidden\" name=\"_wpcf7_unit_tag\" value=\"wpcf7-f7171-o1\" \/><input type=\"hidden\" name=\"_wpcf7_container_post\" value=\"0\" \/><input type=\"hidden\" name=\"_wpcf7_posted_data_hash\" value=\"\" \/>\n<\/fieldset>\n<p><span class=\"wpcf7-form-control-wrap\" data-name=\"your-name\"><input size=\"40\" maxlength=\"400\" class=\"wpcf7-form-control wpcf7-text wpcf7-validates-as-required\" aria-required=\"true\" aria-invalid=\"false\" placeholder=\"Dein Name\" value=\"\" type=\"text\" name=\"your-name\" \/><\/span><span class=\"wpcf7-form-control-wrap\" data-name=\"your-email\"><input size=\"40\" maxlength=\"400\" class=\"wpcf7-form-control wpcf7-email wpcf7-validates-as-required wpcf7-text wpcf7-validates-as-email\" aria-required=\"true\" aria-invalid=\"false\" placeholder=\"Deine E-Mail Adresse\" value=\"\" type=\"email\" name=\"your-email\" \/><\/span><br \/>\n<span class=\"wpcf7-form-control-wrap\" data-name=\"text-281\"><input size=\"40\" maxlength=\"400\" class=\"wpcf7-form-control wpcf7-text\" aria-invalid=\"false\" value=\"Welche Dienstleistung brauchst du?\" type=\"text\" name=\"text-281\" \/><\/span><span class=\"wpcf7-form-control-wrap\" data-name=\"menu-71\"><select class=\"wpcf7-form-control wpcf7-select wpcf7-validates-as-required\" aria-required=\"true\" aria-invalid=\"false\" multiple=\"multiple\" name=\"menu-71[]\"><option value=\"\u00dcbersetzung Deutsch \u2013 Italienisch\">\u00dcbersetzung Deutsch \u2013 Italienisch<\/option><option value=\"\u00dcbersetzung Englisch \u2013 Italienisch\">\u00dcbersetzung Englisch \u2013 Italienisch<\/option><option value=\"\u00dcbersetzung Spanisch \u2013 Italienisch\">\u00dcbersetzung Spanisch \u2013 Italienisch<\/option><option value=\"Lektorat\">Lektorat<\/option><option value=\"Copywriting\">Copywriting<\/option><option value=\"Sonstiges\">Sonstiges<\/option><\/select><\/span><br \/>\n<span class=\"wpcf7-form-control-wrap\" data-name=\"text-393\"><input size=\"40\" maxlength=\"400\" class=\"wpcf7-form-control wpcf7-text\" aria-invalid=\"false\" value=\"Wie hoch ist dein Budget?\" type=\"text\" name=\"text-393\" \/><\/span><br \/>\n<span class=\"wpcf7-form-control-wrap\" data-name=\"menu-833\"><select class=\"wpcf7-form-control wpcf7-select\" aria-invalid=\"false\" name=\"menu-833\"><option value=\"Weniger als 100\u20ac\">Weniger als 100\u20ac<\/option><option value=\"100-500 \u20ac\">100-500 \u20ac<\/option><option value=\"500-1000\u20ac\">500-1000\u20ac<\/option><option value=\"Mehr als 1000\u20ac\">Mehr als 1000\u20ac<\/option><\/select><\/span><br \/>\n<span class=\"wpcf7-form-control-wrap\" data-name=\"your-message\"><textarea cols=\"40\" rows=\"10\" maxlength=\"2000\" class=\"wpcf7-form-control wpcf7-textarea\" aria-invalid=\"false\" placeholder=\"Erz\u00e4hl mir etwas \u00fcber dich. Womit kann ich dir helfen?\" name=\"your-message\"><\/textarea><\/span><br \/>\n<span class=\"wpcf7-form-control-wrap\" data-name=\"acceptance-509\"><span class=\"wpcf7-form-control wpcf7-acceptance\"><span class=\"wpcf7-list-item\"><label><input type=\"checkbox\" name=\"acceptance-509\" value=\"1\" aria-invalid=\"false\" \/><span class=\"wpcf7-list-item-label\">Ich habe die Datenschutzerkl\u00e4rung gelesen und akzeptiere sie<\/span><\/label><\/span><\/span><\/span><br \/>\n<input class=\"wpcf7-form-control wpcf7-submit has-spinner\" type=\"submit\" value=\"Senden\" \/>\n<\/p><div class=\"wpcf7-response-output\" aria-hidden=\"true\"><\/div>\n<\/form>\n<\/div>\n<\/div>\n\t\t\t\t\t\t<\/div>\n\t\t\t\t<\/div>\n\t\t\t\t<div class=\"elementor-element elementor-element-96f41fb elementor-widget elementor-widget-toggle\" data-id=\"96f41fb\" data-element_type=\"widget\" data-e-type=\"widget\" data-widget_type=\"toggle.default\">\n\t\t\t\t<div class=\"elementor-widget-container\">\n\t\t\t\t\t\t\t<div class=\"elementor-toggle\">\n\t\t\t\t\t\t\t<div class=\"elementor-toggle-item\">\n\t\t\t\t\t<div id=\"elementor-tab-title-1581\" class=\"elementor-tab-title\" data-tab=\"1\" role=\"button\" aria-controls=\"elementor-tab-content-1581\" aria-expanded=\"false\">\n\t\t\t\t\t\t\t\t\t\t\t\t<span class=\"elementor-toggle-icon elementor-toggle-icon-right\" aria-hidden=\"true\">\n\t\t\t\t\t\t\t\t\t\t\t\t\t\t\t<span class=\"elementor-toggle-icon-closed\"><i class=\"fas fa-caret-right\"><\/i><\/span>\n\t\t\t\t\t\t\t\t<span class=\"elementor-toggle-icon-opened\"><i class=\"elementor-toggle-icon-opened fas fa-caret-up\"><\/i><\/span>\n\t\t\t\t\t\t\t\t\t\t\t\t\t<\/span>\n\t\t\t\t\t\t\t\t\t\t\t\t<a class=\"elementor-toggle-title\" tabindex=\"0\">Bevor du deine Nachricht abschickst, bitte lies die grundlegenden Informationen zum Datenschutz hier.<\/a>\n\t\t\t\t\t<\/div>\n\n\t\t\t\t\t<div id=\"elementor-tab-content-1581\" class=\"elementor-tab-content elementor-clearfix\" data-tab=\"1\" role=\"region\" aria-labelledby=\"elementor-tab-title-1581\"><p><span style=\"color: #741d12;\"><strong>Grundlegende Informationen zum Datenschutz:<\/strong><\/span><\/p><p><strong>Verantwortliche:<\/strong> Michela Donda<br \/><strong>Zweck der Erhebung und Verarbeitung personenbezogener Daten:<\/strong> Bearbeitung der Anfrage, die du \u00fcber dieses Kontaktformular stellst.<br \/><strong>Rechte:<\/strong> Du kannst deine Rechte auf Auskunft, Berichtigung, Einschr\u00e4nkung und L\u00f6schung von Daten unter <a href=\"mailto:info@dondalations.com\">info@dondalations.com<\/a> wahrnehmen sowie das Recht, eine Beschwerde bei einer Aufsichtsbeh\u00f6rde einzureichen.<br \/><strong>Zus\u00e4tzliche Informationen:<\/strong> Unter <a href=\"https:\/\/dondalations.com\/de\/datenschutzerklaerung\/\" target=\"_blank\" rel=\"noopener\">www.dondalations.com\/de\/datenschutzerklaerung<\/a> findest du zus\u00e4tzliche Informationen \u00fcber die Erhebung und Verwendung deiner personenbezogenen Daten, einschlie\u00dflich Informationen \u00fcber Zugang, Aufbewahrung, Berichtigung, L\u00f6schung, Sicherheit und andere Themen.<\/p><\/div>\n\t\t\t\t<\/div>\n\t\t\t\t\t\t\t\t<\/div>\n\t\t\t\t\t\t<\/div>\n\t\t\t\t<\/div>\n\t\t\t\t\t<\/div>\n\t\t<\/div>\n\t\t\t\t\t<\/div>\n\t\t<\/section>\n\t\t\t\t\t<\/div>\n\t\t<\/div>\n\t\t\t\t\t<\/div>\n\t\t<\/section>\n\t\t\t\t<section class=\"elementor-section elementor-top-section elementor-element elementor-element-a22b7d0 elementor-section-content-middle elementor-section-stretched elementor-section-boxed elementor-section-height-default elementor-section-height-default marketum_parallax_no elementor-invisible\" data-id=\"a22b7d0\" data-element_type=\"section\" data-e-type=\"section\" data-settings=\"{&quot;stretch_section&quot;:&quot;section-stretched&quot;,&quot;background_background&quot;:&quot;classic&quot;,&quot;animation&quot;:&quot;image_clip_right&quot;}\">\n\t\t\t\t\t\t<div class=\"elementor-container elementor-column-gap-default\">\n\t\t\t\t\t<div class=\"elementor-column elementor-col-100 elementor-top-column elementor-element elementor-element-a8c97fd\" data-id=\"a8c97fd\" data-element_type=\"column\" data-e-type=\"column\" data-settings=\"{&quot;animation&quot;:&quot;none&quot;,&quot;animation_delay&quot;:1000}\">\n\t\t\t<div class=\"elementor-widget-wrap elementor-element-populated\">\n\t\t\t\t\t\t<div class=\"elementor-element elementor-element-87c39c1 elementor-widget elementor-widget-marketum_heading\" data-id=\"87c39c1\" data-element_type=\"widget\" data-e-type=\"widget\" data-widget_type=\"marketum_heading.default\">\n\t\t\t\t<div class=\"elementor-widget-container\">\n\t\t\t\t\t\n        <div class=\"marketum_heading_widget\">\n                                <h3 class=\"marketum_heading\">\n                        Bleiben wir in <span class=\"font-hw font-color\">Kontakt<\/span>!                    <\/h3>\n                            <\/div>\n        \t\t\t\t<\/div>\n\t\t\t\t<\/div>\n\t\t\t\t<div class=\"elementor-element elementor-element-f3e74a4 elementor-widget elementor-widget-text-editor\" data-id=\"f3e74a4\" data-element_type=\"widget\" data-e-type=\"widget\" data-widget_type=\"text-editor.default\">\n\t\t\t\t<div class=\"elementor-widget-container\">\n\t\t\t\t\t\t\t\t\tVerpasse nicht den <a class=\"ml-onclick-form\" href=\"javascript:void(0)\" onclick=\"ml('show', 'KvOg5q', true)\">Dondaletter<\/a> mit interessanten \u00dcberlegungen \u00fcber die Entwicklung der Sprache und ihre Auswirkungen auf die Kommunikation mit deinen Kunden.\n<\/span><span lang=\"it-IT\">Wenn du soziale Medien bevorzugst, kannst du mich auch auf <\/span><a href=\"https:\/\/www.linkedin.com\/in\/micheladonda\/\" target=\"_blank\" rel=\"noopener\"><span lang=\"it-IT\">LinkedIn<\/span><\/a><span lang=\"it-IT\"> und <\/span><a href=\"https:\/\/www.facebook.com\/dondalations\" target=\"_blank\" rel=\"noopener\"><span lang=\"it-IT\">Facebook<\/span><\/a> finden.<\/p>\t\t\t\t\t\t\t\t<\/div>\n\t\t\t\t<\/div>\n\t\t\t\t\t<\/div>\n\t\t<\/div>\n\t\t\t\t\t<\/div>\n\t\t<\/section>\n\t\t\t\t<\/div>\n\t\t","protected":false},"excerpt":{"rendered":"<p>M\u00f6chtest du mich mit der \u00dcbersetzung eines technischen oder kreativen Textes beauftragen? Ben\u00f6tigst du ein Lektorat? M\u00f6chtest du, dass ich f\u00fcr dich Texte f\u00fcr deine Webseite oder deinen Newsletter schreibe? M\u00f6chtest du ein Angebot erhalten oder mehr \u00fcber meine Dienstleistungen erfahren? Kontaktiere mich \u00fcber dieses Formular, schicke mir eine E-Mail oder ruf mich an. Ich [&hellip;]<\/p>\n","protected":false},"author":1,"featured_media":0,"parent":0,"menu_order":0,"comment_status":"closed","ping_status":"closed","template":"","meta":{"_joinchat":[],"footnotes":""},"class_list":["post-7198","page","type-page","status-publish","hentry"],"_links":{"self":[{"href":"https:\/\/dondalations.com\/de\/wp-json\/wp\/v2\/pages\/7198","targetHints":{"allow":["GET"]}}],"collection":[{"href":"https:\/\/dondalations.com\/de\/wp-json\/wp\/v2\/pages"}],"about":[{"href":"https:\/\/dondalations.com\/de\/wp-json\/wp\/v2\/types\/page"}],"author":[{"embeddable":true,"href":"https:\/\/dondalations.com\/de\/wp-json\/wp\/v2\/users\/1"}],"replies":[{"embeddable":true,"href":"https:\/\/dondalations.com\/de\/wp-json\/wp\/v2\/comments?post=7198"}],"version-history":[{"count":25,"href":"https:\/\/dondalations.com\/de\/wp-json\/wp\/v2\/pages\/7198\/revisions"}],"predecessor-version":[{"id":8059,"href":"https:\/\/dondalations.com\/de\/wp-json\/wp\/v2\/pages\/7198\/revisions\/8059"}],"wp:attachment":[{"href":"https:\/\/dondalations.com\/de\/wp-json\/wp\/v2\/media?parent=7198"}],"curies":[{"name":"wp","href":"https:\/\/api.w.org\/{rel}","templated":true}]}}