{"id":7157,"date":"2022-01-05T22:23:50","date_gmt":"2022-01-05T22:23:50","guid":{"rendered":"https:\/\/dondalations.com\/about-me\/"},"modified":"2024-01-15T12:46:16","modified_gmt":"2024-01-15T12:46:16","slug":"ueber-mich","status":"publish","type":"page","link":"https:\/\/dondalations.com\/de\/ueber-mich\/","title":{"rendered":"\u00dcber mich"},"content":{"rendered":"\t\t<div data-elementor-type=\"wp-page\" data-elementor-id=\"7157\" class=\"elementor elementor-7157 elementor-383\">\n\t\t\t\t\t\t<section class=\"elementor-section elementor-top-section elementor-element elementor-element-86a48c1 elementor-section-boxed elementor-section-height-default elementor-section-height-default marketum_parallax_no\" data-id=\"86a48c1\" data-element_type=\"section\" data-e-type=\"section\">\n\t\t\t\t\t\t<div class=\"elementor-container elementor-column-gap-default\">\n\t\t\t\t\t<div class=\"elementor-column elementor-col-100 elementor-top-column elementor-element elementor-element-a45dc3a\" data-id=\"a45dc3a\" data-element_type=\"column\" data-e-type=\"column\">\n\t\t\t<div class=\"elementor-widget-wrap elementor-element-populated\">\n\t\t\t\t\t\t<div class=\"elementor-element elementor-element-ad3b8a1 elementor-invisible elementor-widget elementor-widget-heading\" data-id=\"ad3b8a1\" data-element_type=\"widget\" data-e-type=\"widget\" data-settings=\"{&quot;_animation&quot;:&quot;fadeInUp&quot;,&quot;_animation_delay&quot;:400}\" data-widget_type=\"heading.default\">\n\t\t\t\t<div class=\"elementor-widget-container\">\n\t\t\t\t\t<h1 class=\"elementor-heading-title elementor-size-default\">\u00dcber mich<\/h1>\t\t\t\t<\/div>\n\t\t\t\t<\/div>\n\t\t\t\t\t<\/div>\n\t\t<\/div>\n\t\t\t\t\t<\/div>\n\t\t<\/section>\n\t\t\t\t<section class=\"elementor-section elementor-top-section elementor-element elementor-element-7b622c5 elementor-section-boxed elementor-section-height-default elementor-section-height-default marketum_parallax_no\" data-id=\"7b622c5\" data-element_type=\"section\" data-e-type=\"section\">\n\t\t\t\t\t\t<div class=\"elementor-container elementor-column-gap-default\">\n\t\t\t\t\t<div class=\"elementor-column elementor-col-50 elementor-top-column elementor-element elementor-element-3b04d4e\" data-id=\"3b04d4e\" data-element_type=\"column\" data-e-type=\"column\">\n\t\t\t<div class=\"elementor-widget-wrap elementor-element-populated\">\n\t\t\t\t\t\t<div class=\"elementor-element elementor-element-f27341d elementor-widget elementor-widget-image\" data-id=\"f27341d\" data-element_type=\"widget\" data-e-type=\"widget\" data-widget_type=\"image.default\">\n\t\t\t\t<div class=\"elementor-widget-container\">\n\t\t\t\t\t\t\t\t\t\t\t\t\t\t\t<img fetchpriority=\"high\" decoding=\"async\" width=\"1400\" height=\"1594\" src=\"https:\/\/dondalations.com\/wp-content\/uploads\/2023\/05\/00michela-doribarranco-baja-1.webp\" class=\"attachment-full size-full wp-image-6770\" alt=\"\" srcset=\"https:\/\/dondalations.com\/wp-content\/uploads\/2023\/05\/00michela-doribarranco-baja-1.webp 1400w, https:\/\/dondalations.com\/wp-content\/uploads\/2023\/05\/00michela-doribarranco-baja-1-263x300.webp 263w, https:\/\/dondalations.com\/wp-content\/uploads\/2023\/05\/00michela-doribarranco-baja-1-899x1024.webp 899w, https:\/\/dondalations.com\/wp-content\/uploads\/2023\/05\/00michela-doribarranco-baja-1-768x874.webp 768w, https:\/\/dondalations.com\/wp-content\/uploads\/2023\/05\/00michela-doribarranco-baja-1-1349x1536.webp 1349w\" sizes=\"(max-width: 1400px) 100vw, 1400px\" \/>\t\t\t\t\t\t\t\t\t\t\t\t\t\t\t<\/div>\n\t\t\t\t<\/div>\n\t\t\t\t\t<\/div>\n\t\t<\/div>\n\t\t\t\t<div class=\"elementor-column elementor-col-50 elementor-top-column elementor-element elementor-element-6094038\" data-id=\"6094038\" data-element_type=\"column\" data-e-type=\"column\" data-settings=\"{&quot;background_background&quot;:&quot;classic&quot;}\">\n\t\t\t<div class=\"elementor-widget-wrap elementor-element-populated\">\n\t\t\t\t\t\t<div class=\"elementor-element elementor-element-9e1739e elementor-widget elementor-widget-marketum_heading\" data-id=\"9e1739e\" data-element_type=\"widget\" data-e-type=\"widget\" data-widget_type=\"marketum_heading.default\">\n\t\t\t\t<div class=\"elementor-widget-container\">\n\t\t\t\t\t\n        <div class=\"marketum_heading_widget\">\n                                <h2 class=\"marketum_heading\">\n                        Ich bin \n<BR><span class=\"font-hw font-color\">Michela Donda<\/span>                    <\/h2>\n                            <\/div>\n        \t\t\t\t<\/div>\n\t\t\t\t<\/div>\n\t\t\t\t<div class=\"elementor-element elementor-element-49004b5 elementor-widget elementor-widget-text-editor\" data-id=\"49004b5\" data-element_type=\"widget\" data-e-type=\"widget\" data-widget_type=\"text-editor.default\">\n\t\t\t\t<div class=\"elementor-widget-container\">\n\t\t\t\t\t\t\t\t\t<p lang=\"it-IT\">Eine Italienerin, die in Barcelona lebt. Es macht mir Spa\u00df, denjenigen zu helfen, die wie ich ein Unternehmen haben, das erfolgreich mit seinem italienischen Publikum kommuniziert. Wenn du einen Blick in mein B\u00fcro werfen k\u00f6nntest, w\u00fcrdest du mich zwischen Notizbl\u00f6cken und Glossaren finden, vertieft in eine \u00dcbersetzung oder \u00dcberarbeitung. Oder zwischen den Pflanzen auf meinem Balkon, auf der Suche nach Inspiration f\u00fcr einen Text. In jedem Fall habe ich nur ein Ziel vor Augen: dir Texte zu liefern, die mit einer klaren Botschaft auf den Punkt kommen, die dein Wesen widerspiegeln und die deiner Marke entsprechen.<\/p>\t\t\t\t\t\t\t\t<\/div>\n\t\t\t\t<\/div>\n\t\t\t\t\t<\/div>\n\t\t<\/div>\n\t\t\t\t\t<\/div>\n\t\t<\/section>\n\t\t\t\t<section class=\"elementor-section elementor-top-section elementor-element elementor-element-123d9e8 elementor-reverse-mobile elementor-section-boxed elementor-section-height-default elementor-section-height-default marketum_parallax_no\" data-id=\"123d9e8\" data-element_type=\"section\" data-e-type=\"section\">\n\t\t\t\t\t\t<div class=\"elementor-container elementor-column-gap-default\">\n\t\t\t\t\t<div class=\"elementor-column elementor-col-50 elementor-top-column elementor-element elementor-element-e07d5b1\" data-id=\"e07d5b1\" data-element_type=\"column\" data-e-type=\"column\" data-settings=\"{&quot;background_background&quot;:&quot;classic&quot;}\">\n\t\t\t<div class=\"elementor-widget-wrap elementor-element-populated\">\n\t\t\t\t\t\t<div class=\"elementor-element elementor-element-0ac3856 elementor-widget elementor-widget-text-editor\" data-id=\"0ac3856\" data-element_type=\"widget\" data-e-type=\"widget\" data-widget_type=\"text-editor.default\">\n\t\t\t\t<div class=\"elementor-widget-container\">\n\t\t\t\t\t\t\t\t\t<p>Ich arbeite gerne f\u00fcr Freiberufler wie mich, Unternehmer, kleine und gro\u00dfe Firmen. Ich liebe es, die Menschen hinter einer Marke kennen zu lernen und die Leidenschaft hinter einem Unternehmen zu entdecken. Ich arbeite eng mit denjenigen zusammen, die wissen, wie man die gro\u00dfartige Arbeit, die eine \u00dcbersetzung oder die Erstellung eines Textes mit sich bringt, aufwertet.<\/p><p>Ich bin \u00fcberzeugt, dass aufmerksames Zuh\u00f6ren und eine kristallklare, direkte Kommunikation die Grundlage f\u00fcr den Erfolg unserer Zusammenarbeit sind. Ich widme mich deinem Projekt gerne so, als w\u00e4re es mein eigenes und trage durch transparente und ansprechende Texte zum Wachstum deiner Marke bei.<\/p>\t\t\t\t\t\t\t\t<\/div>\n\t\t\t\t<\/div>\n\t\t\t\t<div class=\"elementor-element elementor-element-7f520eb elementor-widget elementor-widget-marketum_button\" data-id=\"7f520eb\" data-element_type=\"widget\" data-e-type=\"widget\" data-widget_type=\"marketum_button.default\">\n\t\t\t\t<div class=\"elementor-widget-container\">\n\t\t\t\t\t\n        <div class=\"marketum_button_widget\">\n            <div class=\"marketum_button_container\">\n                <a class=\"marketum_button marketum_button--primary \" href=\"https:\/\/dondalations.com\/de\/kontakt\/\" target=\"_blank\">\n                    <span>Lass uns zusammenarbeiten<\/span>\n                <\/a>\n            <\/div>\n        <\/div>\n        \t\t\t\t<\/div>\n\t\t\t\t<\/div>\n\t\t\t\t\t<\/div>\n\t\t<\/div>\n\t\t\t\t<div class=\"elementor-column elementor-col-50 elementor-top-column elementor-element elementor-element-9a84bd8\" data-id=\"9a84bd8\" data-element_type=\"column\" data-e-type=\"column\" data-settings=\"{&quot;background_background&quot;:&quot;classic&quot;}\">\n\t\t\t<div class=\"elementor-widget-wrap elementor-element-populated\">\n\t\t\t\t\t\t<div class=\"elementor-element elementor-element-3d93337 elementor-widget elementor-widget-spacer\" data-id=\"3d93337\" data-element_type=\"widget\" data-e-type=\"widget\" data-widget_type=\"spacer.default\">\n\t\t\t\t<div class=\"elementor-widget-container\">\n\t\t\t\t\t\t\t<div class=\"elementor-spacer\">\n\t\t\t<div class=\"elementor-spacer-inner\"><\/div>\n\t\t<\/div>\n\t\t\t\t\t\t<\/div>\n\t\t\t\t<\/div>\n\t\t\t\t\t<\/div>\n\t\t<\/div>\n\t\t\t\t\t<\/div>\n\t\t<\/section>\n\t\t\t\t<section class=\"elementor-section elementor-top-section elementor-element elementor-element-7d60b106 elementor-section-boxed elementor-section-height-default elementor-section-height-default marketum_parallax_no\" data-id=\"7d60b106\" data-element_type=\"section\" data-e-type=\"section\">\n\t\t\t\t\t\t<div class=\"elementor-container elementor-column-gap-wide\">\n\t\t\t\t\t<div class=\"elementor-column elementor-col-50 elementor-top-column elementor-element elementor-element-629c1e59\" data-id=\"629c1e59\" data-element_type=\"column\" data-e-type=\"column\" data-settings=\"{&quot;animation&quot;:&quot;none&quot;,&quot;animation_tablet&quot;:&quot;none&quot;}\">\n\t\t\t<div class=\"elementor-widget-wrap elementor-element-populated\">\n\t\t\t\t\t\t<div class=\"elementor-element elementor-element-19324613 elementor-widget elementor-widget-marketum_heading\" data-id=\"19324613\" data-element_type=\"widget\" data-e-type=\"widget\" data-widget_type=\"marketum_heading.default\">\n\t\t\t\t<div class=\"elementor-widget-container\">\n\t\t\t\t\t\n        <div class=\"marketum_heading_widget\">\n                                <h2 class=\"marketum_heading\">\n                        Meine <span class=\"font-hw font-color\">Mission<\/span>                    <\/h2>\n                            <\/div>\n        \t\t\t\t<\/div>\n\t\t\t\t<\/div>\n\t\t\t\t\t<\/div>\n\t\t<\/div>\n\t\t\t\t<div class=\"elementor-column elementor-col-50 elementor-top-column elementor-element elementor-element-2971084a\" data-id=\"2971084a\" data-element_type=\"column\" data-e-type=\"column\" data-settings=\"{&quot;animation&quot;:&quot;none&quot;,&quot;animation_tablet&quot;:&quot;none&quot;}\">\n\t\t\t<div class=\"elementor-widget-wrap elementor-element-populated\">\n\t\t\t\t\t\t<div class=\"elementor-element elementor-element-9deb020 elementor-widget elementor-widget-text-editor\" data-id=\"9deb020\" data-element_type=\"widget\" data-e-type=\"widget\" data-widget_type=\"text-editor.default\">\n\t\t\t\t<div class=\"elementor-widget-container\">\n\t\t\t\t\t\t\t\t\t<p>Meine Mission ist es, dir <strong>Inhalte anzubieten, die deinen Bekanntheitsgrad, dein Markenimage und dein Business<\/strong> durch professionelle deutsch-italienische, englisch-italienische und spanisch-italienische <a href=\"https:\/\/dondalations.com\/de\/uebersetzungen-ins-italienische\/\">\u00dcbersetzungs-<\/a> und <a href=\"https:\/\/dondalations.com\/de\/lektorat-deiner-italienischen-texte\/\">Korrekturlesedienste<\/a> sowie durch das <a href=\"https:\/\/dondalations.com\/de\/copywriting-und-content-writing\/\">Copywriting<\/a> von Texten auf Italienisch steigern.<\/p><p>Daf\u00fcr setze ich seit 15 Jahren Sorgfalt und Pr\u00e4zision in jedes Projekt. Ich halte mich \u00fcber die Themen meiner <a href=\"https:\/\/dondalations.com\/de\/meine-spezialisierungen\/\">Spezialisierungen<\/a> auf dem Laufenden, studiere Marketing und UX Writing. Ich bilde mich im Copywriting weiter, um deiner Marke mit brandneuen Texten effizient eine Stimme zu geben. Ich halte mich fit, indem ich technische Texte und kreative Inhalte \u00fcbersetze und verfeinere stets meine Recherchef\u00e4higkeiten f\u00fcr Fachbegriffe. Ich verwende die neuesten Versionen f\u00fchrender \u00dcbersetzungshilfsprogramme und Qualit\u00e4tssicherungstools wie SDL Trados Studio, STAR Transit NXT, Across und Xbench, um die terminologische Konsistenz der Texte zu gew\u00e4hrleisten und ein professionelles Ergebnis sicherzustellen.<\/p><p>All dies f\u00fchrt zu <strong>effektiven Texten, mit denen du dein Ziel erreichen kannst<\/strong>, sei es, deine Kunden zu informieren und vertrauensvolle Beziehungen zu ihnen aufzubauen oder sich in deine Zielgruppe hineinzuversetzen und f\u00fcr dein Unternehmen zu werben: <strong>eine Investition in die Zukunft deines Unternehmens<\/strong>.<\/p>\t\t\t\t\t\t\t\t<\/div>\n\t\t\t\t<\/div>\n\t\t\t\t\t<\/div>\n\t\t<\/div>\n\t\t\t\t\t<\/div>\n\t\t<\/section>\n\t\t\t\t<section class=\"elementor-section elementor-top-section elementor-element elementor-element-15ae189 elementor-section-boxed elementor-section-height-default elementor-section-height-default marketum_parallax_no\" data-id=\"15ae189\" data-element_type=\"section\" data-e-type=\"section\">\n\t\t\t\t\t\t<div class=\"elementor-container elementor-column-gap-wide\">\n\t\t\t\t\t<div class=\"elementor-column elementor-col-50 elementor-top-column elementor-element elementor-element-20d6486\" data-id=\"20d6486\" data-element_type=\"column\" data-e-type=\"column\" data-settings=\"{&quot;animation&quot;:&quot;none&quot;,&quot;animation_tablet&quot;:&quot;none&quot;}\">\n\t\t\t<div class=\"elementor-widget-wrap elementor-element-populated\">\n\t\t\t\t\t\t<div class=\"elementor-element elementor-element-f625b52 elementor-widget elementor-widget-marketum_heading\" data-id=\"f625b52\" data-element_type=\"widget\" data-e-type=\"widget\" data-widget_type=\"marketum_heading.default\">\n\t\t\t\t<div class=\"elementor-widget-container\">\n\t\t\t\t\t\n        <div class=\"marketum_heading_widget\">\n                                <h2 class=\"marketum_heading\">\n                        Meine \n<span class=\"font-hw font-color\">Geschichte<\/span>                    <\/h2>\n                            <\/div>\n        \t\t\t\t<\/div>\n\t\t\t\t<\/div>\n\t\t\t\t\t<\/div>\n\t\t<\/div>\n\t\t\t\t<div class=\"elementor-column elementor-col-50 elementor-top-column elementor-element elementor-element-10d153f\" data-id=\"10d153f\" data-element_type=\"column\" data-e-type=\"column\" data-settings=\"{&quot;animation&quot;:&quot;none&quot;,&quot;animation_tablet&quot;:&quot;none&quot;}\">\n\t\t\t<div class=\"elementor-widget-wrap elementor-element-populated\">\n\t\t\t\t\t\t<div class=\"elementor-element elementor-element-83d557f elementor-widget elementor-widget-text-editor\" data-id=\"83d557f\" data-element_type=\"widget\" data-e-type=\"widget\" data-widget_type=\"text-editor.default\">\n\t\t\t\t<div class=\"elementor-widget-container\">\n\t\t\t\t\t\t\t\t\t<p>Ich stamme aus einem Grenzgebiet, in dem sich Italienisch, Friaulisch, Slowenisch und Deutsch auf nat\u00fcrliche Weise begegnen: Da versteht sich von selbst, dass ich schon immer eine Leidenschaft f\u00fcr Sprachen hatte. Um es ganz offen zu sagen, bevorzuge ich als Hobby einen D\u00e4nisch- oder T\u00fcrkischkurs zu belegen, einfach aus der Freude an der Entdeckung einer neuen sprachlichen Welt. Diese Neugier hat mich dazu gebracht, an der Universit\u00e4t Triest <strong>literarische und technisch-wissenschaftliche \u00dcbersetzung<\/strong> zu studieren und dann f\u00fcr k\u00fcrzere oder l\u00e4ngere Zeit in verschiedenen St\u00e4dten rund um den Globus zu leben: Wien, Berlin, Leeds, Lissabon, Recife, Hamburg. In der sch\u00f6nen Hansestadt arbeitete ich in einem \u00dcbersetzungsb\u00fcro, wo ich den Grundstein f\u00fcr meine freiberufliche T\u00e4tigkeit legte, die ich Jahre sp\u00e4ter in Barcelona aufnahm. Hier kannst du mich auch heute noch finden, um bei einer Tasse Kaffee \u00fcber deine Projekte zu sprechen. Es wird mir eine Freude sein, dir als \u00dcbersetzerin, Lektorin und Copywriterin zu helfen.<\/p>\t\t\t\t\t\t\t\t<\/div>\n\t\t\t\t<\/div>\n\t\t\t\t\t<\/div>\n\t\t<\/div>\n\t\t\t\t\t<\/div>\n\t\t<\/section>\n\t\t\t\t<section class=\"elementor-section elementor-top-section elementor-element elementor-element-f4c3cbc elementor-section-boxed elementor-section-height-default elementor-section-height-default marketum_parallax_no\" data-id=\"f4c3cbc\" data-element_type=\"section\" data-e-type=\"section\">\n\t\t\t\t\t\t<div class=\"elementor-container elementor-column-gap-wide\">\n\t\t\t\t\t<div class=\"elementor-column elementor-col-50 elementor-top-column elementor-element elementor-element-19e3a18\" data-id=\"19e3a18\" data-element_type=\"column\" data-e-type=\"column\" data-settings=\"{&quot;animation&quot;:&quot;none&quot;,&quot;animation_tablet&quot;:&quot;none&quot;}\">\n\t\t\t<div class=\"elementor-widget-wrap elementor-element-populated\">\n\t\t\t\t\t\t<div class=\"elementor-element elementor-element-05af6c7 elementor-widget elementor-widget-marketum_heading\" data-id=\"05af6c7\" data-element_type=\"widget\" data-e-type=\"widget\" data-widget_type=\"marketum_heading.default\">\n\t\t\t\t<div class=\"elementor-widget-container\">\n\t\t\t\t\t\n        <div class=\"marketum_heading_widget\">\n                                <h2 class=\"marketum_heading\">\n                        Wer ich hinter den <span class=\"font-hw font-color\">Kulissen<\/span> bin                    <\/h2>\n                            <\/div>\n        \t\t\t\t<\/div>\n\t\t\t\t<\/div>\n\t\t\t\t\t<\/div>\n\t\t<\/div>\n\t\t\t\t<div class=\"elementor-column elementor-col-50 elementor-top-column elementor-element elementor-element-2b3808e\" data-id=\"2b3808e\" data-element_type=\"column\" data-e-type=\"column\" data-settings=\"{&quot;animation&quot;:&quot;none&quot;,&quot;animation_tablet&quot;:&quot;none&quot;}\">\n\t\t\t<div class=\"elementor-widget-wrap elementor-element-populated\">\n\t\t\t\t\t\t<div class=\"elementor-element elementor-element-62490fc elementor-widget elementor-widget-text-editor\" data-id=\"62490fc\" data-element_type=\"widget\" data-e-type=\"widget\" data-widget_type=\"text-editor.default\">\n\t\t\t\t<div class=\"elementor-widget-container\">\n\t\t\t\t\t\t\t\t\t<p>Wenn ich nicht gerade \u00fcbersetze, widme ich mich dem Kampfsport oder dem Tanz in all seinen Variationen. Ich h\u00f6re mir Rockmusik und Sonaten an. Ich lebe meine Reiselust aus, indem ich mit meiner Familie in einem Van aus der Stadt fliehe, auf der Suche nach sch\u00f6nen Landschaften und einem kleinen St\u00fcck Natur f\u00fcr uns allein.<\/p><p>Ich begleite Familien als <a href=\"https:\/\/deacrescente.com\/\" target=\"_blank\" rel=\"noopener\">Doula und Stillberaterin<\/a>: ein Weg, der mich begeistert und mein Herz erf\u00fcllt. Ich liebe es, neue Dinge zu lernen. Nicht nur f\u00fcr die Arbeit, sondern auch, um mich selbst herauszufordern und dann zu mir zu sagen: \u201eWer hat mich nur dazu gebracht?\u201c. Doch aus jeder Erfahrung ziehe ich wertvolle Erfahrungen f\u00fcr mein n\u00e4chstes Projekt.<\/p>\t\t\t\t\t\t\t\t<\/div>\n\t\t\t\t<\/div>\n\t\t\t\t\t<\/div>\n\t\t<\/div>\n\t\t\t\t\t<\/div>\n\t\t<\/section>\n\t\t\t\t<section class=\"elementor-section elementor-top-section elementor-element elementor-element-8af648c elementor-section-boxed elementor-section-height-default elementor-section-height-default marketum_parallax_no\" data-id=\"8af648c\" data-element_type=\"section\" data-e-type=\"section\">\n\t\t\t\t\t\t<div class=\"elementor-container elementor-column-gap-default\">\n\t\t\t\t\t<div class=\"elementor-column elementor-col-100 elementor-top-column elementor-element elementor-element-4ff6cac\" data-id=\"4ff6cac\" data-element_type=\"column\" data-e-type=\"column\">\n\t\t\t<div class=\"elementor-widget-wrap elementor-element-populated\">\n\t\t\t\t\t\t<div class=\"elementor-element elementor-element-5c20c52 elementor-widget elementor-widget-marketum_button\" data-id=\"5c20c52\" data-element_type=\"widget\" data-e-type=\"widget\" data-widget_type=\"marketum_button.default\">\n\t\t\t\t<div class=\"elementor-widget-container\">\n\t\t\t\t\t\n        <div class=\"marketum_button_widget\">\n            <div class=\"marketum_button_container\">\n                <a class=\"marketum_button marketum_button--primary \" href=\"https:\/\/dondalations.com\/de\/kontakt\/\" target=\"_blank\">\n                    <span>Lass uns zusammenarbeiten!<\/span>\n                <\/a>\n            <\/div>\n        <\/div>\n        \t\t\t\t<\/div>\n\t\t\t\t<\/div>\n\t\t\t\t\t<\/div>\n\t\t<\/div>\n\t\t\t\t\t<\/div>\n\t\t<\/section>\n\t\t\t\t<\/div>\n\t\t","protected":false},"excerpt":{"rendered":"<p>\u00dcber mich Eine Italienerin, die in Barcelona lebt. Es macht mir Spa\u00df, denjenigen zu helfen, die wie ich ein Unternehmen haben, das erfolgreich mit seinem italienischen Publikum kommuniziert. Wenn du einen Blick in mein B\u00fcro werfen k\u00f6nntest, w\u00fcrdest du mich zwischen Notizbl\u00f6cken und Glossaren finden, vertieft in eine \u00dcbersetzung oder \u00dcberarbeitung. Oder zwischen den Pflanzen [&hellip;]<\/p>\n","protected":false},"author":1,"featured_media":0,"parent":0,"menu_order":0,"comment_status":"closed","ping_status":"closed","template":"","meta":{"_joinchat":[],"footnotes":""},"class_list":["post-7157","page","type-page","status-publish","hentry"],"_links":{"self":[{"href":"https:\/\/dondalations.com\/de\/wp-json\/wp\/v2\/pages\/7157","targetHints":{"allow":["GET"]}}],"collection":[{"href":"https:\/\/dondalations.com\/de\/wp-json\/wp\/v2\/pages"}],"about":[{"href":"https:\/\/dondalations.com\/de\/wp-json\/wp\/v2\/types\/page"}],"author":[{"embeddable":true,"href":"https:\/\/dondalations.com\/de\/wp-json\/wp\/v2\/users\/1"}],"replies":[{"embeddable":true,"href":"https:\/\/dondalations.com\/de\/wp-json\/wp\/v2\/comments?post=7157"}],"version-history":[{"count":19,"href":"https:\/\/dondalations.com\/de\/wp-json\/wp\/v2\/pages\/7157\/revisions"}],"predecessor-version":[{"id":8072,"href":"https:\/\/dondalations.com\/de\/wp-json\/wp\/v2\/pages\/7157\/revisions\/8072"}],"wp:attachment":[{"href":"https:\/\/dondalations.com\/de\/wp-json\/wp\/v2\/media?parent=7157"}],"curies":[{"name":"wp","href":"https:\/\/api.w.org\/{rel}","templated":true}]}}